{"id":2428,"date":"2016-03-03T10:13:34","date_gmt":"2016-03-03T10:13:34","guid":{"rendered":"https:\/\/nativhagiur.org.il\/%d7%9e%d7%a9%d7%a4%d7%97%d7%95%d7%aa-%d7%9e%d7%9c%d7%95%d7%95%d7%aa\/"},"modified":"2017-11-19T13:10:52","modified_gmt":"2017-11-19T13:10:52","slug":"familias-de-adopcion","status":"publish","type":"page","link":"https:\/\/nativhagiur.org.il\/es\/familias-de-adopcion\/","title":{"rendered":"Familias de adopci\u00f3n"},"content":{"rendered":"<div class=\"wpb-content-wrapper\">[vc_row nexus_after_row_show=\u00bb\u00bb][vc_column][vc_single_image image=\u00bb2385&#8243; img_size=\u00bbfull\u00bb alignment=\u00bbcenter\u00bb el_class=\u00bbhidemobile headerimg\u00bb][vc_single_image image=\u00bb2954&#8243; img_size=\u00bbfull\u00bb alignment=\u00bbcenter\u00bb el_class=\u00bbshowmobile headerimg\u00bb][vc_single_image image=\u00bb2021&#8243; img_size=\u00bbfull\u00bb alignment=\u00bbcenter\u00bb onclick=\u00bbcustom_link\u00bb el_class=\u00bblogo\u00bb link=\u00bbhttps:\/\/nativhagiur.org.il\/es\u00bb][vc_column_text el_class=\u00bbheadertitle\u00bb]\r\n<h2 style=\"text-align: center;\"><span style=\"color: #ffffff;\">Familias de adopci\u00f3n<\/span><\/h2>\r\n[\/vc_column_text][\/vc_column][\/vc_row][vc_row nexus_after_row_show=\u00bb\u00bb][vc_column][vc_empty_space][vc_empty_space][vc_row_inner][vc_column_inner el_class=\u00bbbranches\u00bb][vc_column_text]\r\n<h2 style=\"text-align: left;\">\u00bfQu\u00e9 es una familia de adopci\u00f3n?<\/h2>\r\n<p style=\"text-align: left;\">Como parte del proceso de Conversi\u00f3n al Juda\u00edsmo el alumno necesitar\u00e1 ponerse en contacto con una familia de adopci\u00f3n cuyo estilo de vida sea la expresi\u00f3n del estilo de la vida jud\u00eda. Nuestro anhelo es que cada candidato sea respaldado por una familia de manera a que pueda vivenciar el mundo de la pr\u00e1ctica jud\u00eda en todas sus dimensiones y que esta lo acompa\u00f1e seg\u00fan sus posibilidades a lo largo de todas las etapas de su proceso de conversi\u00f3n.<\/p>\r\n<p style=\"text-align: left;\">El proceso de acompa\u00f1amiento incluye participar de cenas y almuerzos de Shabath (sin hospedaje), acompa\u00f1amiento en la sinagoga y integraci\u00f3n a una congregaci\u00f3n religiosa en su \u00e1rea de residencia.\r\nEl principal objetivo del acompa\u00f1amiento es que se crie una conexi\u00f3n personal y que el candidato conozca el funcionamiento de la c\u00e9lula familiar seg\u00fan el Juda\u00edsmo mediante un entorno que d\u00e9 aliento, explique y acerque. El anhelo es que este v\u00ednculo se mantenga tambi\u00e9n despu\u00e9s que se complete el proceso y que el convertido venga a formar parte de esta misma congregaci\u00f3n.<\/p>\r\n<p style=\"text-align: left;\">La familia de adopci\u00f3n que abre su casa al candidato a la conversi\u00f3n pasar a ser s\u00edmbolo y ejemplo vivo de un hogar jud\u00edo cuya vida sea fundamentada sobre la tradici\u00f3n y los valores de la familiares jud\u00edos. La familia de adopci\u00f3n presenta al candidato el rostro lindo del Juda\u00edsmo en pr\u00e1ctica. Esto le proporcionar\u00e1 una comprensi\u00f3n afinada del significado del sentido de la existencia jud\u00eda, y como este significado se traduce en la pr\u00e1ctica.<\/p>\r\n<p style=\"text-align: left;\">Numerosos convertidos que han visitado los hogares de sus respectivas familias se deslumbraron e identificaron con la familia y aprendieron mucho de su ejemplo personal, del ambiente casero, de las relaciones en el seno de la familia, las charlas al rededor de la mesa de Shabath y en el sal\u00f3n, y la caminada en equipo hasta la sinagoga.<\/p>\r\n<p style=\"text-align: left;\">Los candidatos a Conversi\u00f3n necesitan de acompa\u00f1amiento, apoyo, o\u00eddo atento y coraz\u00f3n abierto para animarlos y promoverlos en su proceso.\r\nLes agradecemos much\u00edsimo por su devoci\u00f3n a esta misi\u00f3n sionista.<\/p>\r\n[\/vc_column_text][\/vc_column_inner][\/vc_row_inner][\/vc_column][\/vc_row][vc_row nexus_text_scheme=\u00bbdarker-overlay\u00bb nexus_row_type=\u00bbin_container\u00bb nexus_after_row_show=\u00bb\u00bb][vc_column width=\u00bb1\/3&#8243;][\/vc_column][vc_column width=\u00bb1\/3&#8243;]<a target=\"_blank\" class=\"button green big  \" href=\"https:\/\/docs.google.com\/forms\/d\/e\/1FAIpQLSewh5OJJIRv7fVW-llJW5VMJiSQb4RhbN_ptynSGixdRgvlFw\/viewform\">Para participar de nuestra comunidad de familias de adopci\u00f3n<\/a>[\/vc_column][vc_column width=\u00bb1\/3&#8243;][\/vc_column][\/vc_row][vc_row nexus_after_row_show=\u00bb\u00bb][vc_column][vc_separator][\/vc_column][\/vc_row][vc_row][vc_column][vc_single_image image=\u00bb2098&#8243; img_size=\u00bbfull\u00bb alignment=\u00bbcenter\u00bb onclick=\u00bbcustom_link\u00bb link=\u00bbhttps:\/\/nativhagiur.org.il\/es\u00bb][\/vc_column][\/vc_row][vc_row nexus_row_type=\u00bbin_container\u00bb nexus_after_row_show=\u00bb\u00bb][vc_column width=\u00bb1\/4&#8243;][\/vc_column][vc_column width=\u00bb1\/4&#8243;][vc_single_image image=\u00bb2096&#8243; img_size=\u00bbfull\u00bb alignment=\u00bbcenter\u00bb onclick=\u00bbcustom_link\u00bb img_link_target=\u00bb_blank\u00bb link=\u00bbhttps:\/\/www.jewishagency.org\/he\/\u00bb][\/vc_column][vc_column width=\u00bb1\/4&#8243;][vc_single_image image=\u00bb2155&#8243; img_size=\u00bbfull\u00bb alignment=\u00bbcenter\u00bb onclick=\u00bbcustom_link\u00bb img_link_target=\u00bb_blank\u00bb link=\u00bbhttps:\/\/www.pmo.gov.il\/BranchesAndUnits\/Giur\/Pages\/agafgiur.aspx \u00ab][\/vc_column][vc_column width=\u00bb1\/4&#8243;][\/vc_column][\/vc_row][vc_row nexus_row_type=\u00bbin_container\u00bb nexus_after_row_show=\u00bb\u00bb][vc_column width=\u00bb1\/4&#8243;][\/vc_column][vc_column width=\u00bb1\/4&#8243;][vc_single_image image=\u00bb3071&#8243; img_size=\u00bbfull\u00bb alignment=\u00bbcenter\u00bb onclick=\u00bbcustom_link\u00bb img_link_target=\u00bb_blank\u00bb link=\u00bbhttps:\/\/www.gpg.org\/ \u00ab][\/vc_column][vc_column width=\u00bb1\/4&#8243;][vc_single_image image=\u00bb2143&#8243; img_size=\u00bbfull\u00bb alignment=\u00bbcenter\u00bb onclick=\u00bbcustom_link\u00bb img_link_target=\u00bb_blank\u00bb link=\u00bbhttps:\/\/www.fidf.org\/ \u00ab][\/vc_column][vc_column width=\u00bb1\/4\u00bb][\/vc_column][\/vc_row]<\/div>","protected":false},"excerpt":{"rendered":"[vc_row nexus_after_row_show=\"\"][vc_column][vc_single_image image=\"2385\" img_size=\"full\" alignment=\"center\" el_class=\"hidemobile headerimg\"][vc_single_image image=\"2954\" img_size=\"full\" alignment=\"center\" el_class=\"showmobile headerimg\"][vc_single_image image=\"2021\" img_size=\"full\" alignment=\"center\" onclick=\"custom_link\" el_class=\"logo\" link=\"https:\/\/nativhagiur.org.il\/es\"][vc_column_text el_class=\"headertitle\"] Familias de adopci\u00f3n [\/vc_column_text][\/vc_column][\/vc_row][vc_row nexus_after_row_show=\"\"][vc_column][vc_empty_space][vc_empty_space][vc_row_inner][vc_column_inner el_class=\"branches\"][vc_column_text] <p class=\"readmore\"><a class=\"more-btn\" href=\"https:\/\/nativhagiur.org.il\/es\/familias-de-adopcion\/\">Continue reading <span class=\"meta-nav\">&#x2192;<\/span><\/a><\/p>","protected":false},"author":1,"featured_media":0,"parent":0,"menu_order":0,"comment_status":"closed","ping_status":"closed","template":"template-homepage.php","meta":{"footnotes":"","_joinchat":[]},"yoast_head":"<!-- This site is optimized with the Yoast SEO plugin v21.8 - https:\/\/yoast.com\/wordpress\/plugins\/seo\/ -->\n<title>Familias de adopci\u00f3n | \u05e0\u05ea\u05d9\u05d1 - \u05d4\u05de\u05e8\u05db\u05d6 \u05d4\u05dc\u05d0\u05d5\u05de\u05d9 \u05dc\u05d6\u05d4\u05d5\u05ea \u05d5\u05d2\u05d9\u05d5\u05e8<\/title>\n<meta name=\"robots\" content=\"index, follow, max-snippet:-1, max-image-preview:large, max-video-preview:-1\" \/>\n<link rel=\"canonical\" href=\"https:\/\/nativhagiur.org.il\/\u05de\u05e9\u05e4\u05d7\u05d5\u05ea-\u05de\u05dc\u05d5\u05d5\u05ea\/\" \/>\n<meta property=\"og:locale\" content=\"es_ES\" \/>\n<meta property=\"og:type\" content=\"article\" \/>\n<meta property=\"og:title\" content=\"Familias de adopci\u00f3n | \u05e0\u05ea\u05d9\u05d1 - \u05d4\u05de\u05e8\u05db\u05d6 \u05d4\u05dc\u05d0\u05d5\u05de\u05d9 \u05dc\u05d6\u05d4\u05d5\u05ea \u05d5\u05d2\u05d9\u05d5\u05e8\" \/>\n<meta property=\"og:url\" content=\"https:\/\/nativhagiur.org.il\/\u05de\u05e9\u05e4\u05d7\u05d5\u05ea-\u05de\u05dc\u05d5\u05d5\u05ea\/\" \/>\n<meta property=\"og:site_name\" content=\"\u05e0\u05ea\u05d9\u05d1 - \u05d4\u05de\u05e8\u05db\u05d6 \u05d4\u05dc\u05d0\u05d5\u05de\u05d9 \u05dc\u05d6\u05d4\u05d5\u05ea \u05d5\u05d2\u05d9\u05d5\u05e8\" \/>\n<meta property=\"article:publisher\" content=\"https:\/\/www.facebook.com\/nativhagiur\" \/>\n<meta property=\"article:modified_time\" content=\"2017-11-19T13:10:52+00:00\" \/>\n<meta name=\"twitter:card\" content=\"summary_large_image\" \/>\n<meta name=\"twitter:label1\" content=\"Tiempo de lectura\" \/>\n\t<meta name=\"twitter:data1\" content=\"4 minutos\" \/>\n<script type=\"application\/ld+json\" class=\"yoast-schema-graph\">{\"@context\":\"https:\/\/schema.org\",\"@graph\":[{\"@type\":\"WebPage\",\"@id\":\"https:\/\/nativhagiur.org.il\/%d7%9e%d7%a9%d7%a4%d7%97%d7%95%d7%aa-%d7%9e%d7%9c%d7%95%d7%95%d7%aa\/\",\"url\":\"https:\/\/nativhagiur.org.il\/%d7%9e%d7%a9%d7%a4%d7%97%d7%95%d7%aa-%d7%9e%d7%9c%d7%95%d7%95%d7%aa\/\",\"name\":\"Familias de adopci\u00f3n | \u05e0\u05ea\u05d9\u05d1 - \u05d4\u05de\u05e8\u05db\u05d6 \u05d4\u05dc\u05d0\u05d5\u05de\u05d9 \u05dc\u05d6\u05d4\u05d5\u05ea \u05d5\u05d2\u05d9\u05d5\u05e8\",\"isPartOf\":{\"@id\":\"https:\/\/nativhagiur.org.il\/#website\"},\"datePublished\":\"2016-03-03T10:13:34+00:00\",\"dateModified\":\"2017-11-19T13:10:52+00:00\",\"breadcrumb\":{\"@id\":\"https:\/\/nativhagiur.org.il\/%d7%9e%d7%a9%d7%a4%d7%97%d7%95%d7%aa-%d7%9e%d7%9c%d7%95%d7%95%d7%aa\/#breadcrumb\"},\"inLanguage\":\"es\",\"potentialAction\":[{\"@type\":\"ReadAction\",\"target\":[\"https:\/\/nativhagiur.org.il\/%d7%9e%d7%a9%d7%a4%d7%97%d7%95%d7%aa-%d7%9e%d7%9c%d7%95%d7%95%d7%aa\/\"]}]},{\"@type\":\"BreadcrumbList\",\"@id\":\"https:\/\/nativhagiur.org.il\/%d7%9e%d7%a9%d7%a4%d7%97%d7%95%d7%aa-%d7%9e%d7%9c%d7%95%d7%95%d7%aa\/#breadcrumb\",\"itemListElement\":[{\"@type\":\"ListItem\",\"position\":1,\"name\":\"Home\",\"item\":\"https:\/\/nativhagiur.org.il\/es\/\"},{\"@type\":\"ListItem\",\"position\":2,\"name\":\"Familias de adopci\u00f3n\"}]},{\"@type\":\"WebSite\",\"@id\":\"https:\/\/nativhagiur.org.il\/#website\",\"url\":\"https:\/\/nativhagiur.org.il\/\",\"name\":\"\u05e0\u05ea\u05d9\u05d1 - \u05d4\u05de\u05e8\u05db\u05d6 \u05d4\u05dc\u05d0\u05d5\u05de\u05d9 \u05dc\u05d6\u05d4\u05d5\u05ea \u05d5\u05d2\u05d9\u05d5\u05e8\",\"description\":\"\u05d2\u05d5\u05e3 \u05d4\u05d4\u05db\u05e0\u05d4 \u05dc\u05d2\u05d9\u05d5\u05e8 \u05d4\u05e8\u05e9\u05de\u05d9 \u05e9\u05dc \u05de\u05d3\u05d9\u05e0\u05ea \u05d9\u05e9\u05e8\u05d0\u05dc\",\"potentialAction\":[{\"@type\":\"SearchAction\",\"target\":{\"@type\":\"EntryPoint\",\"urlTemplate\":\"https:\/\/nativhagiur.org.il\/?s={search_term_string}\"},\"query-input\":\"required name=search_term_string\"}],\"inLanguage\":\"es\"}]}<\/script>\n<!-- \/ Yoast SEO plugin. -->","yoast_head_json":{"title":"Familias de adopci\u00f3n | \u05e0\u05ea\u05d9\u05d1 - \u05d4\u05de\u05e8\u05db\u05d6 \u05d4\u05dc\u05d0\u05d5\u05de\u05d9 \u05dc\u05d6\u05d4\u05d5\u05ea \u05d5\u05d2\u05d9\u05d5\u05e8","robots":{"index":"index","follow":"follow","max-snippet":"max-snippet:-1","max-image-preview":"max-image-preview:large","max-video-preview":"max-video-preview:-1"},"canonical":"https:\/\/nativhagiur.org.il\/\u05de\u05e9\u05e4\u05d7\u05d5\u05ea-\u05de\u05dc\u05d5\u05d5\u05ea\/","og_locale":"es_ES","og_type":"article","og_title":"Familias de adopci\u00f3n | \u05e0\u05ea\u05d9\u05d1 - \u05d4\u05de\u05e8\u05db\u05d6 \u05d4\u05dc\u05d0\u05d5\u05de\u05d9 \u05dc\u05d6\u05d4\u05d5\u05ea \u05d5\u05d2\u05d9\u05d5\u05e8","og_url":"https:\/\/nativhagiur.org.il\/\u05de\u05e9\u05e4\u05d7\u05d5\u05ea-\u05de\u05dc\u05d5\u05d5\u05ea\/","og_site_name":"\u05e0\u05ea\u05d9\u05d1 - \u05d4\u05de\u05e8\u05db\u05d6 \u05d4\u05dc\u05d0\u05d5\u05de\u05d9 \u05dc\u05d6\u05d4\u05d5\u05ea \u05d5\u05d2\u05d9\u05d5\u05e8","article_publisher":"https:\/\/www.facebook.com\/nativhagiur","article_modified_time":"2017-11-19T13:10:52+00:00","twitter_card":"summary_large_image","twitter_misc":{"Tiempo de lectura":"4 minutos"},"schema":{"@context":"https:\/\/schema.org","@graph":[{"@type":"WebPage","@id":"https:\/\/nativhagiur.org.il\/%d7%9e%d7%a9%d7%a4%d7%97%d7%95%d7%aa-%d7%9e%d7%9c%d7%95%d7%95%d7%aa\/","url":"https:\/\/nativhagiur.org.il\/%d7%9e%d7%a9%d7%a4%d7%97%d7%95%d7%aa-%d7%9e%d7%9c%d7%95%d7%95%d7%aa\/","name":"Familias de adopci\u00f3n | \u05e0\u05ea\u05d9\u05d1 - \u05d4\u05de\u05e8\u05db\u05d6 \u05d4\u05dc\u05d0\u05d5\u05de\u05d9 \u05dc\u05d6\u05d4\u05d5\u05ea \u05d5\u05d2\u05d9\u05d5\u05e8","isPartOf":{"@id":"https:\/\/nativhagiur.org.il\/#website"},"datePublished":"2016-03-03T10:13:34+00:00","dateModified":"2017-11-19T13:10:52+00:00","breadcrumb":{"@id":"https:\/\/nativhagiur.org.il\/%d7%9e%d7%a9%d7%a4%d7%97%d7%95%d7%aa-%d7%9e%d7%9c%d7%95%d7%95%d7%aa\/#breadcrumb"},"inLanguage":"es","potentialAction":[{"@type":"ReadAction","target":["https:\/\/nativhagiur.org.il\/%d7%9e%d7%a9%d7%a4%d7%97%d7%95%d7%aa-%d7%9e%d7%9c%d7%95%d7%95%d7%aa\/"]}]},{"@type":"BreadcrumbList","@id":"https:\/\/nativhagiur.org.il\/%d7%9e%d7%a9%d7%a4%d7%97%d7%95%d7%aa-%d7%9e%d7%9c%d7%95%d7%95%d7%aa\/#breadcrumb","itemListElement":[{"@type":"ListItem","position":1,"name":"Home","item":"https:\/\/nativhagiur.org.il\/es\/"},{"@type":"ListItem","position":2,"name":"Familias de adopci\u00f3n"}]},{"@type":"WebSite","@id":"https:\/\/nativhagiur.org.il\/#website","url":"https:\/\/nativhagiur.org.il\/","name":"\u05e0\u05ea\u05d9\u05d1 - \u05d4\u05de\u05e8\u05db\u05d6 \u05d4\u05dc\u05d0\u05d5\u05de\u05d9 \u05dc\u05d6\u05d4\u05d5\u05ea \u05d5\u05d2\u05d9\u05d5\u05e8","description":"\u05d2\u05d5\u05e3 \u05d4\u05d4\u05db\u05e0\u05d4 \u05dc\u05d2\u05d9\u05d5\u05e8 \u05d4\u05e8\u05e9\u05de\u05d9 \u05e9\u05dc \u05de\u05d3\u05d9\u05e0\u05ea \u05d9\u05e9\u05e8\u05d0\u05dc","potentialAction":[{"@type":"SearchAction","target":{"@type":"EntryPoint","urlTemplate":"https:\/\/nativhagiur.org.il\/?s={search_term_string}"},"query-input":"required name=search_term_string"}],"inLanguage":"es"}]}},"_links":{"self":[{"href":"https:\/\/nativhagiur.org.il\/es\/wp-json\/wp\/v2\/pages\/2428"}],"collection":[{"href":"https:\/\/nativhagiur.org.il\/es\/wp-json\/wp\/v2\/pages"}],"about":[{"href":"https:\/\/nativhagiur.org.il\/es\/wp-json\/wp\/v2\/types\/page"}],"author":[{"embeddable":true,"href":"https:\/\/nativhagiur.org.il\/es\/wp-json\/wp\/v2\/users\/1"}],"replies":[{"embeddable":true,"href":"https:\/\/nativhagiur.org.il\/es\/wp-json\/wp\/v2\/comments?post=2428"}],"version-history":[{"count":7,"href":"https:\/\/nativhagiur.org.il\/es\/wp-json\/wp\/v2\/pages\/2428\/revisions"}],"predecessor-version":[{"id":3207,"href":"https:\/\/nativhagiur.org.il\/es\/wp-json\/wp\/v2\/pages\/2428\/revisions\/3207"}],"wp:attachment":[{"href":"https:\/\/nativhagiur.org.il\/es\/wp-json\/wp\/v2\/media?parent=2428"}],"curies":[{"name":"wp","href":"https:\/\/api.w.org\/{rel}","templated":true}]}}