{"id":4494,"date":"2024-11-21T10:30:55","date_gmt":"2024-11-21T10:30:55","guid":{"rendered":"https:\/\/nativhagiur.org.il\/ulpan-heb\/"},"modified":"2025-01-06T13:31:27","modified_gmt":"2025-01-06T13:31:27","slug":"ulpan-es","status":"publish","type":"page","link":"https:\/\/nativhagiur.org.il\/es\/ulpan-es\/","title":{"rendered":"\u05d3\u05e3 \u05e0\u05d7\u05d9\u05ea\u05d4 \u05d0\u05d5\u05dc\u05e4\u05e0\u05d9 \u05e2\u05d1\u05e8\u05d9\u05ea &#8211; \u05e1\u05e4\u05e8\u05d3\u05d9\u05ea"},"content":{"rendered":"<div class=\"wpb-content-wrapper\">[vc_row nexus_bg_repeat=\u00bbno-repeat\u00bb nexus_after_row_show=\u00bb\u00bb][vc_column][vc_single_image image=\u00bb2314&#8243; img_size=\u00bbfull\u00bb alignment=\u00bbcenter\u00bb el_class=\u00bbhidemobile headerimg\u00bb][vc_single_image image=\u00bb2949&#8243; img_size=\u00bbfull\u00bb alignment=\u00bbcenter\u00bb el_class=\u00bbshowmobile headerimg\u00bb][\/vc_column][\/vc_row][vc_row nexus_row_type=\u00bbin_container\u00bb nexus_after_row_show=\u00bb\u00bb nexus_inner_row_maxwidth=\u00bb55%\u00bb nexus_class=\u00bborange\u00bb][vc_column][vc_column_text css_animation=\u00bbfadeInDown\u00bb]\r\n<p dir=\"ltr\">El Estado de Israel fue establecido como el Hogar Nacional para el Pueblo Jud\u00edo, nos conmueve tu decisi\u00f3n de hacer de Israel tu casa. La Conversi\u00f3n (Giyur) ha sido el proceso de integraci\u00f3n al pueblo Hebreo durante muchas generaciones. Este proceso es una de las formas de volver a las ra\u00edces y ser aceptado en todos los segmentos de la sociedad israel\u00ed, tanto para ustedes como para sus descendientes. El Gobierno de Israel ve al Giyur, como tema de alta prioridad. Junto con la Agencia Jud\u00eda, ha establecido &#8211; El Centro Nacional de Identidad y Conversion \u2013 Nativ, el programa oficial del Gobierno israel\u00ed para estudios de juda\u00edsmo y Conversi\u00f3n.<\/p>\r\n<p dir=\"ltr\">Programas de Conversi\u00f3n de Nativ\r\nPrograma Nativ Civil Clases de estudio nocturno, una o dos veces por semana por un periodo de 10 a 12 meses. Los cursos est\u00e1n distribuidos a lo largo de todo el pa\u00eds en diferentes idiomas: hebreo, ingl\u00e9s, ruso y espa\u00f1ol.\r\nPrograma Nativ Militar Es un curso concentrado en 3 a 4 meses. El curso esta designado para soldados cumpliendo su servicio militar.<\/p>\r\n<p dir=\"ltr\">El servicio es completamente gratuito<\/p>\r\n[\/vc_column_text][\/vc_column][\/vc_row][vc_row nexus_row_type=\u00bbin_container\u00bb nexus_after_row_show=\u00bb\u00bb nexus_inner_row_maxwidth=\u00bb55%\u00bb nexus_class=\u00bbformrow\u00bb nexus_id=\u00bbregform\u00bb][vc_column][vc_column_text]\r\n<h5 style=\"text-align: center;\"><strong><span style=\"color: #000000;\">Para proseguir y recibir mayor informaci\u00f3n, llenen por favor sus datos y con gusto nos pondremos en contacto con Ustedes<\/span><\/strong><\/h5>\r\n[\/vc_column_text][vc_raw_html]JTNDJTIxLS0lMjBGT1JNJTNBJTIwSEVBRCUyMFNFQ1RJT04lMjAtLSUzRSUwQSUwQSUyMCUyMCUyMCUyMCUzQ21ldGElMjBodHRwLWVxdWl2JTNEJTIyQ29udGVudC1UeXBlJTIyJTIwY29udGVudCUzRCUyMnRleHQlMkZodG1sJTNCJTIwY2hhcnNldCUzRHV0Zi04JTIyJTIwJTJGJTNFJTBBJTIwJTIwJTIwJTIwJTNDbGluayUyMGhyZWYlM0QlMjJodHRwcyUzQSUyRiUyRmxsbi50ZmFmb3Jtcy5uZXQlMkZmb3JtLWJ1aWxkZXIlMkY0LjMuMCUyRmNzcyUyRndmb3Jtcy1sYXlvdXQuY3NzJTIyJTIwcmVsJTNEJTIyc3R5bGVzaGVldCUyMiUyMHR5cGUlM0QlMjJ0ZXh0JTJGY3NzJTIyJTIwJTJGJTNFJTBBJTIwJTIwJTIwJTIwJTNDJTIxLS0lNUJpZiUyMElFJTIwOCU1RCUzRSUwQSUyMCUyMCUyMCUyMCUzQ2xpbmslMjBocmVmJTNEJTIyaHR0cHMlM0ElMkYlMkZsbG4udGZhZm9ybXMubmV0JTJGZm9ybS1idWlsZGVyJTJGNC4zLjAlMkZjc3MlMkZ3Zm9ybXMtbGF5b3V0LWllOC5jc3MlMjIlMjByZWwlM0QlMjJzdHlsZXNoZWV0JTIyJTIwdHlwZSUzRCUyMnRleHQlMkZjc3MlMjIlMjAlMkYlM0UlMEElMjAlMjAlMjAlMjAlM0MlMjElNUJlbmRpZiU1RC0tJTNFJTBBJTIwJTIwJTIwJTIwJTNDJTIxLS0lNUJpZiUyMElFJTIwNyU1RCUzRSUwQSUyMCUyMCUyMCUyMCUzQ2xpbmslMjBocmVmJTNEJTIyaHR0cHMlM0ElMkYlMkZsbG4udGZhZm9ybXMubmV0JTJGZm9ybS1idWlsZGVyJTJGNC4zLjAlMkZjc3MlMkZ3Zm9ybXMtbGF5b3V0LWllNy5jc3MlMjIlMjByZWwlM0QlMjJzdHlsZXNoZWV0JTIyJTIwdHlwZSUzRCUyMnRleHQlMkZjc3MlMjIlMjAlMkYlM0UlMEElMjAlMjAlMjAlMjAlM0MlMjElNUJlbmRpZiU1RC0tJTNFJTBBJTIwJTIwJTIwJTIwJTNDJTIxLS0lNUJpZiUyMElFJTIwNiU1RCUzRSUwQSUyMCUyMCUyMCUyMCUzQ2xpbmslMjBocmVmJTNEJTIyaHR0cHMlM0ElMkYlMkZsbG4udGZhZm9ybXMubmV0JTJGZm9ybS1idWlsZGVyJTJGNC4zLjAlMkZjc3MlMkZ3Zm9ybXMtbGF5b3V0LWllNi5jc3MlMjIlMjByZWwlM0QlMjJzdHlsZXNoZWV0JTIyJTIwdHlwZSUzRCUyMnRleHQlMkZjc3MlMjIlMjAlMkYlM0UlMEElMjAlMjAlMjAlMjAlM0MlMjElNUJlbmRpZiU1RC0tJTNFJTBBJTBBJTIwJTIwJTIwJTIwJTNDbGluayUyMGhyZWYlM0QlMjJodHRwcyUzQSUyRiUyRmxsbi50ZmFmb3Jtcy5uZXQlMkZ0aGVtZXMlMkZnZXQlMkYzODc0MyUyMiUyMHJlbCUzRCUyMnN0eWxlc2hlZXQlMjIlMjB0eXBlJTNEJTIydGV4dCUyRmNzcyUyMiUyMCUyRiUzRSUwQSUyMCUyMCUyMCUyMCUzQ2xpbmslMjBocmVmJTNEJTIyaHR0cHMlM0ElMkYlMkZsbG4udGZhZm9ybXMubmV0JTJGZm9ybS1idWlsZGVyJTJGNC4zLjAlMkZjc3MlMkZ3Zm9ybXMtanNvbmx5LmNzcyUyMiUyMHJlbCUzRCUyMmFsdGVybmF0ZSUyMHN0eWxlc2hlZXQlMjIlMjB0aXRsZSUzRCUyMlRoaXMlMjBzdHlsZXNoZWV0JTIwYWN0aXZhdGVkJTIwYnklMjBqYXZhc2NyaXB0JTIyJTIwdHlwZSUzRCUyMnRleHQlMkZjc3MlMjIlMjAlMkYlM0UlMEElMjAlMjAlMjAlMjAlM0NzY3JpcHQlMjB0eXBlJTNEJTIydGV4dCUyRmphdmFzY3JpcHQlMjIlMjBzcmMlM0QlMjJodHRwcyUzQSUyRiUyRmxsbi50ZmFmb3Jtcy5uZXQlMkZ3Rm9ybXMlMkYzLjEwJTJGanMlMkZ3Zm9ybXMuanMlMjIlM0UlM0MlMkZzY3JpcHQlM0UlMEElMjAlMjAlMjAlMjAlM0NzY3JpcHQlMjB0eXBlJTNEJTIydGV4dCUyRmphdmFzY3JpcHQlMjIlM0UlMEElMjAlMjAlMjAlMjAlMjAlMjAlMjAlMjB3Rk9STVMuYmVoYXZpb3JzLnByZWZpbGwuc2tpcCUyMCUzRCUyMGZhbHNlJTNCJTBBJTIwJTIwJTIwJTIwJTNDJTJGc2NyaXB0JTNFJTBBJTIwJTIwJTIwJTIwJTIwJTIwJTIwJTIwJTNDc2NyaXB0JTIwdHlwZSUzRCUyMnRleHQlMkZqYXZhc2NyaXB0JTIyJTIwc3JjJTNEJTIyaHR0cHMlM0ElMkYlMkZsbG4udGZhZm9ybXMubmV0JTJGd0Zvcm1zJTJGMy4xMCUyRmpzJTJGbG9jYWxpemF0aW9uLWhlLmpzJTIyJTNFJTNDJTJGc2NyaXB0JTNFJTBBJTBBJTNDJTIxLS0lMjBGT1JNJTNBJTIwQk9EWSUyMFNFQ1RJT04lMjAtLSUzRSUwQSUzQ2RpdiUyMGNsYXNzJTNEJTIyd0Zvcm1Db250YWluZXIlMjIlMjAlMjAlM0UlMEElMEElMjAlMjAlM0NzdHlsZSUyMHR5cGUlM0QlMjJ0ZXh0JTJGY3NzJTIyJTNFJTBBJTIwJTIwJTIwJTIwJTIwJTIwJTIwJTIwJTIwJTIwJTIwJTIwJTIwJTIwJTIwJTIwJTIzdGZhXzElMkMlMEElMjAlMjAlMjAlMjAlMjAlMjAlMjAlMjAlMjAlMjAlMjAlMjAlMjAlMjAlMjAlMjAlMkElNUJpZCU1RSUzRCUyMnRmYV8xJTVCJTIyJTVEJTIwJTdCJTBBJTIwJTIwJTIwJTIwJTIwJTIwJTIwJTIwJTIwJTIwJTIwJTIwJTIwJTIwJTIwJTIwJTIwJTIwJTIwJTIwd2lkdGglM0ElMjAxNDAuMzYzNjRweCUyMCUyMWltcG9ydGFudCUzQiUwQSUyMCUyMCUyMCUyMCUyMCUyMCUyMCUyMCUyMCUyMCUyMCUyMCUyMCUyMCUyMCUyMCU3RCUwQSUyMCUyMCUyMCUyMCUyMCUyMCUyMCUyMCUyMCUyMCUyMCUyMCUyMCUyMCUyMCUyMCUyM3RmYV8xLUQlMkMlMEElMjAlMjAlMjAlMjAlMjAlMjAlMjAlMjAlMjAlMjAlMjAlMjAlMjAlMjAlMjAlMjAlMkElNUJpZCU1RSUzRCUyMnRmYV8xJTVCJTIyJTVEJTVCY2xhc3N+JTNEJTIyZmllbGQtY29udGFpbmVyLUQlMjIlNUQlMjAlN0IlMEElMjAlMjAlMjAlMjAlMjAlMjAlMjAlMjAlMjAlMjAlMjAlMjAlMjAlMjAlMjAlMjAlMjAlMjAlMjAlMjB3aWR0aCUzQSUyMGF1dG8lMjAlMjFpbXBvcnRhbnQlM0IlMEElMjAlMjAlMjAlMjAlMjAlMjAlMjAlMjAlMjAlMjAlMjAlMjAlMjAlMjAlMjAlMjAlN0QlMEElMjAlMjAlMjAlMjAlMjAlMjAlMjAlMjAlMjAlMjAlMjAlMjAlMEElMjAlMjAlMjAlMjAlMjAlMjAlMjAlMjAlMjAlMjAlMjAlMjAlMjAlMjAlMjAlMjAlMjN0ZmFfMS1MJTJDJTBBJTIwJTIwJTIwJTIwJTIwJTIwJTIwJTIwJTIwJTIwJTIwJTIwJTIwJTIwJTIwJTIwbGFiZWwlNUJpZCU1RSUzRCUyMnRmYV8xJTVCJTIyJTVEJTIwJTdCJTBBJTIwJTIwJTIwJTIwJTIwJTIwJTIwJTIwJTIwJTIwJTIwJTIwJTIwJTIwJTIwJTIwJTIwJTIwJTIwJTIwd2lkdGglM0ElMjA2MHB4JTIwJTIxaW1wb3J0YW50JTNCJTBBJTIwJTIwJTIwJTIwJTIwJTIwJTIwJTIwJTIwJTIwJTIwJTIwJTIwJTIwJTIwJTIwJTdEJTBBJTIwJTIwJTIwJTIwJTIwJTIwJTIwJTIwJTIwJTIwJTIwJTIwJTBBJTIwJTIwJTIwJTIwJTIwJTIwJTIwJTIwJTIwJTIwJTIwJTIwJTIwJTIwJTIwJTIwJTIzdGZhXzUlMkMlMEElMjAlMjAlMjAlMjAlMjAlMjAlMjAlMjAlMjAlMjAlMjAlMjAlMjAlMjAlMjAlMjAlMkElNUJpZCU1RSUzRCUyMnRmYV81JTVCJTIyJTVEJTIwJTdCJTBBJTIwJTIwJTIwJTIwJTIwJTIwJTIwJTIwJTIwJTIwJTIwJTIwJTIwJTIwJTIwJTIwJTIwJTIwJTIwJTIwd2lkdGglM0ElMjAxNjAuMTgxODE4cHglMjAlMjFpbXBvcnRhbnQlM0IlMEElMjAlMjAlMjAlMjAlMjAlMjAlMjAlMjAlMjAlMjAlMjAlMjAlMjAlMjAlMjAlMjAlN0QlMEElMjAlMjAlMjAlMjAlMjAlMjAlMjAlMjAlMjAlMjAlMjAlMjAlMjAlMjAlMjAlMjAlMjN0ZmFfNS1EJTJDJTBBJTIwJTIwJTIwJTIwJTIwJTIwJTIwJTIwJTIwJTIwJTIwJTIwJTIwJTIwJTIwJTIwJTJBJTVCaWQlNUUlM0QlMjJ0ZmFfNSU1QiUyMiU1RCU1QmNsYXNzfiUzRCUyMmZpZWxkLWNvbnRhaW5lci1EJTIyJTVEJTIwJTdCJTBBJTIwJTIwJTIwJTIwJTIwJTIwJTIwJTIwJTIwJTIwJTIwJTIwJTIwJTIwJTIwJTIwJTIwJTIwJTIwJTIwd2lkdGglM0ElMjBhdXRvJTIwJTIxaW1wb3J0YW50JTNCJTBBJTIwJTIwJTIwJTIwJTIwJTIwJTIwJTIwJTIwJTIwJTIwJTIwJTIwJTIwJTIwJTIwJTdEJTBBJTIwJTIwJTIwJTIwJTIwJTIwJTIwJTIwJTIwJTIwJTIwJTIwJTBBJTIwJTIwJTIwJTIwJTIwJTIwJTIwJTIwJTIwJTIwJTIwJTIwJTIwJTIwJTIwJTIwJTIzdGZhXzUtTCUyQyUwQSUyMCUyMCUyMCUyMCUyMCUyMCUyMCUyMCUyMCUyMCUyMCUyMCUyMCUyMCUyMCUyMGxhYmVsJTVCaWQlNUUlM0QlMjJ0ZmFfNSU1QiUyMiU1RCUyMCU3QiUwQSUyMCUyMCUyMCUyMCUyMCUyMCUyMCUyMCUyMCUyMCUyMCUyMCUyMCUyMCUyMCUyMCUyMCUyMCUyMCUyMHdpZHRoJTNBJTIwNzBweCUyMCUyMWltcG9ydGFudCUzQiUwQSUyMCUyMCUyMCUyMCUyMCUyMCUyMCUyMCUyMCUyMCUyMCUyMCUyMCUyMCUyMCUyMCU3RCUwQSUyMCUyMCUyMCUyMCUyMCUyMCUyMCUyMCUyMCUyMCUyMCUyMCUwQSUyMCUyMCUyMCUyMCUyMCUyMCUyMCUyMCUyMCUyMCUyMCUyMCUyMCUyMCUyMCUyMCUyM3RmYV82JTJDJTBBJTIwJTIwJTIwJTIwJTIwJTIwJTIwJTIwJTIwJTIwJTIwJTIwJTIwJTIwJTIwJTIwJTJBJTVCaWQlNUUlM0QlMjJ0ZmFfNiU1QiUyMiU1RCUyMCU3QiUwQSUyMCUyMCUyMCUyMCUyMCUyMCUyMCUyMCUyMCUyMCUyMCUyMCUyMCUyMCUyMCUyMCUyMCUyMCUyMCUyMHdpZHRoJTNBJTIwMTYwLjE4MTgxOHB4JTIwJTIxaW1wb3J0YW50JTNCJTBBJTIwJTIwJTIwJTIwJTIwJTIwJTIwJTIwJTIwJTIwJTIwJTIwJTIwJTIwJTIwJTIwJTdEJTBBJTIwJTIwJTIwJTIwJTIwJTIwJTIwJTIwJTIwJTIwJTIwJTIwJTIwJTIwJTIwJTIwJTIzdGZhXzYtRCUyQyUwQSUyMCUyMCUyMCUyMCUyMCUyMCUyMCUyMCUyMCUyMCUyMCUyMCUyMCUyMCUyMCUyMCUyQSU1QmlkJTVFJTNEJTIydGZhXzYlNUIlMjIlNUQlNUJjbGFzc34lM0QlMjJmaWVsZC1jb250YWluZXItRCUyMiU1RCUyMCU3QiUwQSUyMCUyMCUyMCUyMCUyMCUyMCUyMCUyMCUyMCUyMCUyMCUyMCUyMCUyMCUyMCUyMCUyMCUyMCUyMCUyMHdpZHRoJTNBJTIwYXV0byUyMCUyMWltcG9ydGFudCUzQiUwQSUyMCUyMCUyMCUyMCUyMCUyMCUyMCUyMCUyMCUyMCUyMCUyMCUyMCUyMCUyMCUyMCU3RCUwQSUyMCUyMCUyMCUyMCUyMCUyMCUyMCUyMCUyMCUyMCUyMCUyMCUwQSUyMCUyMCUyMCUyMCUyMCUyMCUyMCUyMCUyMCUyMCUyMCUyMCUyMCUyMCUyMCUyMCUyM3RmYV84LUwlMkMlMEElMjAlMjAlMjAlMjAlMjAlMjAlMjAlMjAlMjAlMjAlMjAlMjAlMjAlMjAlMjAlMjBsYWJlbCU1QmlkJTVFJTNEJTIydGZhXzglNUIlMjIlNUQlMjAlN0IlMEElMjAlMjAlMjAlMjAlMjAlMjAlMjAlMjAlMjAlMjAlMjAlMjAlMjAlMjAlMjAlMjAlMjAlMjAlMjAlMjB3aWR0aCUzQSUyMDExMHB4JTIwJTIxaW1wb3J0YW50JTNCJTBBJTIwJTIwJTIwJTIwJTIwJTIwJTIwJTIwJTIwJTIwJTIwJTIwJTIwJTIwJTIwJTIwJTdEJTBBJTIwJTIwJTIwJTIwJTIwJTIwJTIwJTIwJTIwJTIwJTIwJTIwJTBBJTIwJTIwJTIwJTIwJTIwJTIwJTIwJTIwJTIwJTIwJTIwJTIwJTIwJTIwJTIwJTIwJTIzdGZhXzEyLUwlMkMlMEElMjAlMjAlMjAlMjAlMjAlMjAlMjAlMjAlMjAlMjAlMjAlMjAlMjAlMjAlMjAlMjBsYWJlbCU1QmlkJTVFJTNEJTIydGZhXzEyJTVCJTIyJTVEJTIwJTdCJTBBJTIwJTIwJTIwJTIwJTIwJTIwJTIwJTIwJTIwJTIwJTIwJTIwJTIwJTIwJTIwJTIwJTIwJTIwJTIwJTIwd2lkdGglM0ElMjAxMTBweCUyMCUyMWltcG9ydGFudCUzQiUwQSUyMCUyMCUyMCUyMCUyMCUyMCUyMCUyMCUyMCUyMCUyMCUyMCUyMCUyMCUyMCUyMCU3RCUwQSUyMCUyMCUyMCUyMCUyMCUyMCUyMCUyMCUyMCUyMCUyMCUyMCUwQSUyMCUyMCUyMCUyMCUyMCUyMCUyMCUyMCUyMCUyMCUyMCUyMCUyMCUyMCUyMCUyMCUyM3RmYV8xMC1MJTJDJTBBJTIwJTIwJTIwJTIwJTIwJTIwJTIwJTIwJTIwJTIwJTIwJTIwJTIwJTIwJTIwJTIwbGFiZWwlNUJpZCU1RSUzRCUyMnRmYV8xMCU1QiUyMiU1RCUyMCU3QiUwQSUyMCUyMCUyMCUyMCUyMCUyMCUyMCUyMCUyMCUyMCUyMCUyMCUyMCUyMCUyMCUyMCUyMCUyMCUyMCUyMHdpZHRoJTNBJTIwMTEwcHglMjAlMjFpbXBvcnRhbnQlM0IlMEElMjAlMjAlMjAlMjAlMjAlMjAlMjAlMjAlMjAlMjAlMjAlMjAlMjAlMjAlMjAlMjAlN0QlMEElMEElMEElMjAlMjAlMjAlMjAlMjAlMjAlMjAlMjAlMjAlMjAlMjAlMjAlMjAlMjAlMjAlMjAud0Zvcm0lMjBpbnB1dCU1QnR5cGUlM0RidXR0b24lNUQlMkMlMjAud0Zvcm0lMjBpbnB1dCU1QnR5cGUlM0RzdWJtaXQlNUQlMjAlN0IlMEElMjAlMjAlMjAlMjAlMjAlMjAlMjAlMjAlMjAlMjAlMjAlMjAlMjAlMjAlMjAlMjAlMjAlMjAlMjAlMjBiYWNrZ3JvdW5kLWltYWdlJTNBJTIwdXJsJTI4JTIyaHR0cCUzQSUyRiUyRm5hdGl2aGFnaXVyLm9yZy5pbCUyRndwLWNvbnRlbnQlMkZ1cGxvYWRzJTJGMjAxNyUyRjA0JTJGc2VuZC1lcy5wbmclMjIlMjklM0IlMEElMjAlMjAlMjAlMjAlMjAlMjAlMjAlMjAlMjAlMjAlMjAlMjAlMjAlMjAlMjAlMjAlN0QlMEElMjAlMjAlMjAlMjAlMjAlMjAlMjAlMjAlMjAlMjAlMjAlMjAlM0MlMkZzdHlsZSUzRSUzQ2RpdiUyMGNsYXNzJTNEJTIyJTIyJTNFJTNDZGl2JTIwY2xhc3MlM0QlMjJ3Rm9ybSUyMiUyMGlkJTNEJTIydGZhXzAtV1JQUiUyMiUyMGRpciUzRCUyMnJ0bCUyMiUzRSUwQSUzQ2RpdiUyMGNsYXNzJTNEJTIyY29kZXNlY3Rpb24lMjIlMjBpZCUzRCUyMmNvZGUtdGZhXzAlMjIlM0UlM0MlMkZkaXYlM0UlMEElM0Nmb3JtJTIwbWV0aG9kJTNEJTIycG9zdCUyMiUyMGFjdGlvbiUzRCUyMmh0dHBzJTNBJTJGJTJGbGxuLnRmYWZvcm1zLm5ldCUyRnJlc3BvbnNlcyUyRnByb2Nlc3NvciUyMiUyMGNsYXNzJTNEJTIyaGludHNCZWxvdyUyMGxhYmVsc0Fib3ZlJTIyJTIwaWQlM0QlMjJ0ZmFfMCUyMiUyMHN0eWxlJTNEJTIyZGlyZWN0aW9uJTNBJTIwbHRyJTIwJTIxaW1wb3J0YW50JTNCJTIyJTNFJTBBJTNDZGl2JTIwaWQlM0QlMjJ0ZmFfNyUyMiUyMGNsYXNzJTNEJTIyc2VjdGlvbiUyMGlubGluZSUyMGdyb3VwJTIyJTNFJTBBJTNDZGl2JTIwaWQlM0QlMjJ0ZmFfMS1EJTIyJTIwY2xhc3MlM0QlMjJvbmVGaWVsZCUyMGZpZWxkLWNvbnRhaW5lci1EJTIwJTIwJTIwJTIwJTIwJTIyJTNFJTNDZGl2JTIwY2xhc3MlM0QlMjJpbnB1dFdyYXBwZXIlMjIlM0UlM0NpbnB1dCUyMHR5cGUlM0QlMjJ0ZXh0JTIyJTIwaWQlM0QlMjJ0ZmFfMSUyMiUyMG5hbWUlM0QlMjJ0ZmFfMSUyMiUyMHZhbHVlJTNEJTIyJTIyJTIwcGxhY2Vob2xkZXIlM0QlMjJOb21icmUlMjBjb21wbGV0byUyMiUyMHRpdGxlJTNEJTIyJTIyJTIwY2xhc3MlM0QlMjJyZXF1aXJlZCUyMiUzRSUzQyUyRmRpdiUzRSUzQyUyRmRpdiUzRSUwQSUzQ2RpdiUyMGlkJTNEJTIydGZhXzUtRCUyMiUyMGNsYXNzJTNEJTIyb25lRmllbGQlMjBmaWVsZC1jb250YWluZXItRCUyMCUyMCUyMCUyMCUyMCUyMiUzRSUzQ2RpdiUyMGNsYXNzJTNEJTIyaW5wdXRXcmFwcGVyJTIyJTNFJTNDaW5wdXQlMjB0eXBlJTNEJTIydGV4dCUyMiUyMGlkJTNEJTIydGZhXzUlMjIlMjBuYW1lJTNEJTIydGZhXzUlMjIlMjB2YWx1ZSUzRCUyMiUyMiUyMHBsYWNlaG9sZGVyJTNEJTIyVGVsJUMzJUE5Zm9ubyUyMiUyMHRpdGxlJTNEJTIyJTIyJTIwY2xhc3MlM0QlMjJyZXF1aXJlZCUyMiUzRSUzQyUyRmRpdiUzRSUzQyUyRmRpdiUzRSUwQSUzQ2RpdiUyMGlkJTNEJTIydGZhXzYtRCUyMiUyMGNsYXNzJTNEJTIyb25lRmllbGQlMjBmaWVsZC1jb250YWluZXItRCUyMCUyMCUyMCUyMCUyMCUyMiUzRSUzQ2RpdiUyMGNsYXNzJTNEJTIyaW5wdXRXcmFwcGVyJTIyJTNFJTNDaW5wdXQlMjB0eXBlJTNEJTIydGV4dCUyMiUyMGlkJTNEJTIydGZhXzYlMjIlMjBuYW1lJTNEJTIydGZhXzYlMjIlMjB2YWx1ZSUzRCUyMiUyMiUyMHBsYWNlaG9sZGVyJTNEJTIyQ2l1ZGFkJTIyJTIwdGl0bGUlM0QlMjIlMjIlMjBjbGFzcyUzRCUyMnJlcXVpcmVkJTIyJTNFJTNDJTJGZGl2JTNFJTNDJTJGZGl2JTNFJTBBJTNDJTJGZGl2JTNFJTBBJTNDaW5wdXQlMjB0eXBlJTNEJTIyaGlkZGVuJTIyJTIwaWQlM0QlMjJ0ZmFfOCUyMiUyMG5hbWUlM0QlMjJ0ZmFfOCUyMiUyMHZhbHVlJTNEJTIyJUQ3JTkzJUQ3JUEzJTIwJUQ3JUEwJUQ3JTk3JUQ3JTk5JUQ3JUFBJUQ3JTk0JTIwJUQ3JTkwJUQ3JTk1JUQ3JTlDJUQ3JUE0JUQ3JUEwJUQ3JTk5JTIwJUQ3JUEyJUQ3JTkxJUQ3JUE4JUQ3JTk5JUQ3JUFBJTIwLSUyMCVENyVBMSVENyVBNCVENyVBOCVENyU5MyVENyU5OSVENyVBQSUyMiUyMGNsYXNzJTNEJTIyJTIyJTNFJTBBJTNDaW5wdXQlMjB0eXBlJTNEJTIyaGlkZGVuJTIyJTIwaWQlM0QlMjJ0ZmFfMTIlMjIlMjBuYW1lJTNEJTIydGZhXzEyJTIyJTIwdmFsdWUlM0QlMjIlRDclOTAlRDclOTUlRDclOUMlRDclQTQlRDclQTAlRDclOTklMjAlRDclQTIlRDclOTElRDclQTglRDclOTklRDclQUElMjIlMjBjbGFzcyUzRCUyMiUyMiUzRSUwQSUzQ2lucHV0JTIwdHlwZSUzRCUyMmhpZGRlbiUyMiUyMGlkJTNEJTIydGZhXzEwJTIyJTIwbmFtZSUzRCUyMnRmYV8xMCUyMiUyMHZhbHVlJTNEJTIyaHR0cCUzQSUyRiUyRm5hdGl2aGFnaXVyLm9yZy5pbCUyRmVzJTJGbGUtYWdyYWRlY2Vtb3MlMkYlMjIlMjIlM0UlMEElM0NkaXYlMjBjbGFzcyUzRCUyMmFjdGlvbnMlMjIlMjBpZCUzRCUyMnRmYV8wLUElMjIlM0UlM0NpbnB1dCUyMHR5cGUlM0QlMjJzdWJtaXQlMjIlMjBjbGFzcyUzRCUyMnByaW1hcnlBY3Rpb24lMjIlMjB2YWx1ZSUzRCUyMiUyMiUzRSUzQyUyRmRpdiUzRSUwQSUwQSUzQ2RpdiUyMHN0eWxlJTNEJTIyY2xlYXIlM0Fib3RoJTIyJTNFJTNDJTJGZGl2JTNFJTBBJTNDaW5wdXQlMjB0eXBlJTNEJTIyaGlkZGVuJTIyJTIwdmFsdWUlM0QlMjIyMDclMjIlMjBuYW1lJTNEJTIydGZhX2RiRm9ybUlkJTIyJTIwaWQlM0QlMjJ0ZmFfZGJGb3JtSWQlMjIlM0UlM0NpbnB1dCUyMHR5cGUlM0QlMjJoaWRkZW4lMjIlMjB2YWx1ZSUzRCUyMiUyMiUyMG5hbWUlM0QlMjJ0ZmFfZGJSZXNwb25zZUlkJTIyJTIwaWQlM0QlMjJ0ZmFfZGJSZXNwb25zZUlkJTIyJTNFJTNDaW5wdXQlMjB0eXBlJTNEJTIyaGlkZGVuJTIyJTIwdmFsdWUlM0QlMjIzYjAzNjg5N2NkOTYyNzcyOGVkMjM5Zjk3NzQ4ZTQ5MiUyMiUyMG5hbWUlM0QlMjJ0ZmFfZGJDb250cm9sJTIyJTIwaWQlM0QlMjJ0ZmFfZGJDb250cm9sJTIyJTNFJTNDaW5wdXQlMjB0eXBlJTNEJTIyaGlkZGVuJTIyJTIwdmFsdWUlM0QlMjIyOCUyMiUyMG5hbWUlM0QlMjJ0ZmFfZGJWZXJzaW9uSWQlMjIlMjBpZCUzRCUyMnRmYV9kYlZlcnNpb25JZCUyMiUzRSUzQ2lucHV0JTIwdHlwZSUzRCUyMmhpZGRlbiUyMiUyMHZhbHVlJTNEJTIyJTIyJTIwbmFtZSUzRCUyMnRmYV9zd2l0Y2hlZG9mZiUyMiUyMGlkJTNEJTIydGZhX3N3aXRjaGVkb2ZmJTIyJTNFJTBBJTNDJTJGZm9ybSUzRSUwQSUzQyUyRmRpdiUzRSUzQyUyRmRpdiUzRSUwQSUyMCUyMCUyMCUyMCUyMCUyMCUzQyUyRnAlM0UlMEElMEElM0MlMkZkaXYlM0UlMEE=[\/vc_raw_html][vc_column_text]\r\n<h4 style=\"text-align: center;\"><span style=\"color: #000000;\">Este programa es destinado a ciudadanos israel\u00edes y residentes permanentes en Israel<\/span><\/h4>\r\n[\/vc_column_text][vc_empty_space][\/vc_column][\/vc_row][vc_row nexus_row_type=\u00bbin_container\u00bb nexus_after_row_show=\u00bb\u00bb nexus_inner_row_maxwidth=\u00bb59%\u00bb nexus_class=\u00bbezrahi\u00bb][vc_column][vc_single_image image=\u00bb2041&#8243; img_size=\u00bbfull\u00bb add_caption=\u00bbyes\u00bb alignment=\u00bbcenter\u00bb el_class=\u00bbmidimg\u00bb][vc_column_text el_class=\u00bbcyan\u00bb][\/vc_column_text][\/vc_column][\/vc_row][vc_row nexus_row_type=\u00bbin_container\u00bb nexus_after_row_show=\u00bb\u00bb nexus_inner_row_maxwidth=\u00bb60%\u00bb nexus_class=\u00bborange\u00bb][vc_column][vc_single_image image=\u00bb2524&#8243; img_size=\u00bbfull\u00bb alignment=\u00bbcenter\u00bb el_class=\u00bbmidimg\u00bb][\/vc_column][\/vc_row][vc_row nexus_row_type=\u00bbin_container\u00bb nexus_after_row_show=\u00bb\u00bb nexus_class=\u00bborange\u00bb nexus_inner_row_maxwidth=\u00bb60%\u00bb][vc_column][vc_separator color=\u00bbblack\u00bb style=\u00bbdashed\u00bb][\/vc_column][\/vc_row][vc_row nexus_row_type=\u00bbin_container\u00bb nexus_after_row_show=\u00bb\u00bb][vc_column][\/vc_column][\/vc_row][vc_row nexus_row_type=\u00bbin_container\u00bb nexus_after_row_show=\u00bb\u00bb][vc_column width=\u00bb1\/4&#8243;][vc_single_image image=\u00bb2155&#8243; img_size=\u00bbfull\u00bb alignment=\u00bbcenter\u00bb onclick=\u00bbcustom_link\u00bb img_link_target=\u00bb_blank\u00bb link=\u00bbhttps:\/\/www.pmo.gov.il\/BranchesAndUnits\/Giur\/Pages\/agafgiur.aspx\u00bb][\/vc_column][vc_column width=\u00bb1\/4&#8243;][vc_single_image image=\u00bb4404&#8243; img_size=\u00bbfull\u00bb][\/vc_column][vc_column width=\u00bb1\/4&#8243;][vc_single_image image=\u00bb4488&#8243; img_size=\u00bb200X200&#8243; alignment=\u00bbcenter\u00bb onclick=\u00bbcustom_link\u00bb link=\u00bbhttps:\/\/www.nativhagiur.org.il\/\u00bb][\/vc_column][vc_column width=\u00bb1\/4&#8243;][vc_single_image image=\u00bb4410&#8243; img_size=\u00bbfull\u00bb alignment=\u00bbcenter\u00bb onclick=\u00bbcustom_link\u00bb img_link_target=\u00bb_blank\u00bb link=\u00bbhttps:\/\/www.jewishagency.org\/he\/\u00bb][\/vc_column][\/vc_row]<\/div>","protected":false},"excerpt":{"rendered":"[vc_row nexus_bg_repeat=\"no-repeat\" nexus_after_row_show=\"\"][vc_column][vc_single_image image=\"2314\" img_size=\"full\" alignment=\"center\" el_class=\"hidemobile headerimg\"][vc_single_image image=\"2949\" img_size=\"full\" alignment=\"center\" el_class=\"showmobile headerimg\"][\/vc_column][\/vc_row][vc_row nexus_row_type=\"in_container\" nexus_after_row_show=\"\" nexus_inner_row_maxwidth=\"55%\" nexus_class=\"orange\"][vc_column][vc_column_text css_animation=\"fadeInDown\"] El Estado de Israel fue establecido como <p class=\"readmore\"><a class=\"more-btn\" href=\"https:\/\/nativhagiur.org.il\/es\/ulpan-es\/\">Continue reading <span class=\"meta-nav\">&#x2192;<\/span><\/a><\/p>","protected":false},"author":1,"featured_media":0,"parent":0,"menu_order":0,"comment_status":"closed","ping_status":"closed","template":"template-homepage.php","meta":{"footnotes":"","_joinchat":[]},"yoast_head":"<!-- This site is optimized with the Yoast SEO plugin v21.8 - https:\/\/yoast.com\/wordpress\/plugins\/seo\/ -->\n<title>\u05d3\u05e3 \u05e0\u05d7\u05d9\u05ea\u05d4 \u05d0\u05d5\u05dc\u05e4\u05e0\u05d9 \u05e2\u05d1\u05e8\u05d9\u05ea - \u05e1\u05e4\u05e8\u05d3\u05d9\u05ea | \u05e0\u05ea\u05d9\u05d1 - \u05d4\u05de\u05e8\u05db\u05d6 \u05d4\u05dc\u05d0\u05d5\u05de\u05d9 \u05dc\u05d6\u05d4\u05d5\u05ea \u05d5\u05d2\u05d9\u05d5\u05e8<\/title>\n<meta name=\"robots\" content=\"index, follow, max-snippet:-1, max-image-preview:large, max-video-preview:-1\" \/>\n<link rel=\"canonical\" href=\"https:\/\/nativhagiur.org.il\/es\/ulpan-es\/\" \/>\n<meta property=\"og:locale\" content=\"es_ES\" \/>\n<meta property=\"og:type\" content=\"article\" \/>\n<meta property=\"og:title\" content=\"\u05d3\u05e3 \u05e0\u05d7\u05d9\u05ea\u05d4 \u05d0\u05d5\u05dc\u05e4\u05e0\u05d9 \u05e2\u05d1\u05e8\u05d9\u05ea - \u05e1\u05e4\u05e8\u05d3\u05d9\u05ea | \u05e0\u05ea\u05d9\u05d1 - \u05d4\u05de\u05e8\u05db\u05d6 \u05d4\u05dc\u05d0\u05d5\u05de\u05d9 \u05dc\u05d6\u05d4\u05d5\u05ea \u05d5\u05d2\u05d9\u05d5\u05e8\" \/>\n<meta property=\"og:url\" content=\"https:\/\/nativhagiur.org.il\/es\/ulpan-es\/\" \/>\n<meta property=\"og:site_name\" content=\"\u05e0\u05ea\u05d9\u05d1 - \u05d4\u05de\u05e8\u05db\u05d6 \u05d4\u05dc\u05d0\u05d5\u05de\u05d9 \u05dc\u05d6\u05d4\u05d5\u05ea \u05d5\u05d2\u05d9\u05d5\u05e8\" \/>\n<meta property=\"article:publisher\" content=\"https:\/\/www.facebook.com\/nativhagiur\" \/>\n<meta property=\"article:modified_time\" content=\"2025-01-06T13:31:27+00:00\" \/>\n<meta name=\"twitter:card\" content=\"summary_large_image\" \/>\n<meta name=\"twitter:label1\" content=\"Tiempo de lectura\" \/>\n\t<meta name=\"twitter:data1\" content=\"2 minutos\" \/>\n<script type=\"application\/ld+json\" class=\"yoast-schema-graph\">{\"@context\":\"https:\/\/schema.org\",\"@graph\":[{\"@type\":\"WebPage\",\"@id\":\"https:\/\/nativhagiur.org.il\/es\/ulpan-es\/\",\"url\":\"https:\/\/nativhagiur.org.il\/es\/ulpan-es\/\",\"name\":\"\u05d3\u05e3 \u05e0\u05d7\u05d9\u05ea\u05d4 \u05d0\u05d5\u05dc\u05e4\u05e0\u05d9 \u05e2\u05d1\u05e8\u05d9\u05ea - \u05e1\u05e4\u05e8\u05d3\u05d9\u05ea | \u05e0\u05ea\u05d9\u05d1 - \u05d4\u05de\u05e8\u05db\u05d6 \u05d4\u05dc\u05d0\u05d5\u05de\u05d9 \u05dc\u05d6\u05d4\u05d5\u05ea \u05d5\u05d2\u05d9\u05d5\u05e8\",\"isPartOf\":{\"@id\":\"https:\/\/nativhagiur.org.il\/#website\"},\"datePublished\":\"2024-11-21T10:30:55+00:00\",\"dateModified\":\"2025-01-06T13:31:27+00:00\",\"breadcrumb\":{\"@id\":\"https:\/\/nativhagiur.org.il\/es\/ulpan-es\/#breadcrumb\"},\"inLanguage\":\"es\",\"potentialAction\":[{\"@type\":\"ReadAction\",\"target\":[\"https:\/\/nativhagiur.org.il\/es\/ulpan-es\/\"]}]},{\"@type\":\"BreadcrumbList\",\"@id\":\"https:\/\/nativhagiur.org.il\/es\/ulpan-es\/#breadcrumb\",\"itemListElement\":[{\"@type\":\"ListItem\",\"position\":1,\"name\":\"Home\",\"item\":\"https:\/\/nativhagiur.org.il\/es\/\"},{\"@type\":\"ListItem\",\"position\":2,\"name\":\"\u05d3\u05e3 \u05e0\u05d7\u05d9\u05ea\u05d4 \u05d0\u05d5\u05dc\u05e4\u05e0\u05d9 \u05e2\u05d1\u05e8\u05d9\u05ea &#8211; \u05e1\u05e4\u05e8\u05d3\u05d9\u05ea\"}]},{\"@type\":\"WebSite\",\"@id\":\"https:\/\/nativhagiur.org.il\/#website\",\"url\":\"https:\/\/nativhagiur.org.il\/\",\"name\":\"\u05e0\u05ea\u05d9\u05d1 - \u05d4\u05de\u05e8\u05db\u05d6 \u05d4\u05dc\u05d0\u05d5\u05de\u05d9 \u05dc\u05d6\u05d4\u05d5\u05ea \u05d5\u05d2\u05d9\u05d5\u05e8\",\"description\":\"\u05d2\u05d5\u05e3 \u05d4\u05d4\u05db\u05e0\u05d4 \u05dc\u05d2\u05d9\u05d5\u05e8 \u05d4\u05e8\u05e9\u05de\u05d9 \u05e9\u05dc \u05de\u05d3\u05d9\u05e0\u05ea \u05d9\u05e9\u05e8\u05d0\u05dc\",\"potentialAction\":[{\"@type\":\"SearchAction\",\"target\":{\"@type\":\"EntryPoint\",\"urlTemplate\":\"https:\/\/nativhagiur.org.il\/?s={search_term_string}\"},\"query-input\":\"required name=search_term_string\"}],\"inLanguage\":\"es\"}]}<\/script>\n<!-- \/ Yoast SEO plugin. -->","yoast_head_json":{"title":"\u05d3\u05e3 \u05e0\u05d7\u05d9\u05ea\u05d4 \u05d0\u05d5\u05dc\u05e4\u05e0\u05d9 \u05e2\u05d1\u05e8\u05d9\u05ea - \u05e1\u05e4\u05e8\u05d3\u05d9\u05ea | \u05e0\u05ea\u05d9\u05d1 - \u05d4\u05de\u05e8\u05db\u05d6 \u05d4\u05dc\u05d0\u05d5\u05de\u05d9 \u05dc\u05d6\u05d4\u05d5\u05ea \u05d5\u05d2\u05d9\u05d5\u05e8","robots":{"index":"index","follow":"follow","max-snippet":"max-snippet:-1","max-image-preview":"max-image-preview:large","max-video-preview":"max-video-preview:-1"},"canonical":"https:\/\/nativhagiur.org.il\/es\/ulpan-es\/","og_locale":"es_ES","og_type":"article","og_title":"\u05d3\u05e3 \u05e0\u05d7\u05d9\u05ea\u05d4 \u05d0\u05d5\u05dc\u05e4\u05e0\u05d9 \u05e2\u05d1\u05e8\u05d9\u05ea - \u05e1\u05e4\u05e8\u05d3\u05d9\u05ea | \u05e0\u05ea\u05d9\u05d1 - \u05d4\u05de\u05e8\u05db\u05d6 \u05d4\u05dc\u05d0\u05d5\u05de\u05d9 \u05dc\u05d6\u05d4\u05d5\u05ea \u05d5\u05d2\u05d9\u05d5\u05e8","og_url":"https:\/\/nativhagiur.org.il\/es\/ulpan-es\/","og_site_name":"\u05e0\u05ea\u05d9\u05d1 - \u05d4\u05de\u05e8\u05db\u05d6 \u05d4\u05dc\u05d0\u05d5\u05de\u05d9 \u05dc\u05d6\u05d4\u05d5\u05ea \u05d5\u05d2\u05d9\u05d5\u05e8","article_publisher":"https:\/\/www.facebook.com\/nativhagiur","article_modified_time":"2025-01-06T13:31:27+00:00","twitter_card":"summary_large_image","twitter_misc":{"Tiempo de lectura":"2 minutos"},"schema":{"@context":"https:\/\/schema.org","@graph":[{"@type":"WebPage","@id":"https:\/\/nativhagiur.org.il\/es\/ulpan-es\/","url":"https:\/\/nativhagiur.org.il\/es\/ulpan-es\/","name":"\u05d3\u05e3 \u05e0\u05d7\u05d9\u05ea\u05d4 \u05d0\u05d5\u05dc\u05e4\u05e0\u05d9 \u05e2\u05d1\u05e8\u05d9\u05ea - \u05e1\u05e4\u05e8\u05d3\u05d9\u05ea | \u05e0\u05ea\u05d9\u05d1 - \u05d4\u05de\u05e8\u05db\u05d6 \u05d4\u05dc\u05d0\u05d5\u05de\u05d9 \u05dc\u05d6\u05d4\u05d5\u05ea \u05d5\u05d2\u05d9\u05d5\u05e8","isPartOf":{"@id":"https:\/\/nativhagiur.org.il\/#website"},"datePublished":"2024-11-21T10:30:55+00:00","dateModified":"2025-01-06T13:31:27+00:00","breadcrumb":{"@id":"https:\/\/nativhagiur.org.il\/es\/ulpan-es\/#breadcrumb"},"inLanguage":"es","potentialAction":[{"@type":"ReadAction","target":["https:\/\/nativhagiur.org.il\/es\/ulpan-es\/"]}]},{"@type":"BreadcrumbList","@id":"https:\/\/nativhagiur.org.il\/es\/ulpan-es\/#breadcrumb","itemListElement":[{"@type":"ListItem","position":1,"name":"Home","item":"https:\/\/nativhagiur.org.il\/es\/"},{"@type":"ListItem","position":2,"name":"\u05d3\u05e3 \u05e0\u05d7\u05d9\u05ea\u05d4 \u05d0\u05d5\u05dc\u05e4\u05e0\u05d9 \u05e2\u05d1\u05e8\u05d9\u05ea &#8211; \u05e1\u05e4\u05e8\u05d3\u05d9\u05ea"}]},{"@type":"WebSite","@id":"https:\/\/nativhagiur.org.il\/#website","url":"https:\/\/nativhagiur.org.il\/","name":"\u05e0\u05ea\u05d9\u05d1 - \u05d4\u05de\u05e8\u05db\u05d6 \u05d4\u05dc\u05d0\u05d5\u05de\u05d9 \u05dc\u05d6\u05d4\u05d5\u05ea \u05d5\u05d2\u05d9\u05d5\u05e8","description":"\u05d2\u05d5\u05e3 \u05d4\u05d4\u05db\u05e0\u05d4 \u05dc\u05d2\u05d9\u05d5\u05e8 \u05d4\u05e8\u05e9\u05de\u05d9 \u05e9\u05dc \u05de\u05d3\u05d9\u05e0\u05ea \u05d9\u05e9\u05e8\u05d0\u05dc","potentialAction":[{"@type":"SearchAction","target":{"@type":"EntryPoint","urlTemplate":"https:\/\/nativhagiur.org.il\/?s={search_term_string}"},"query-input":"required name=search_term_string"}],"inLanguage":"es"}]}},"_links":{"self":[{"href":"https:\/\/nativhagiur.org.il\/es\/wp-json\/wp\/v2\/pages\/4494"}],"collection":[{"href":"https:\/\/nativhagiur.org.il\/es\/wp-json\/wp\/v2\/pages"}],"about":[{"href":"https:\/\/nativhagiur.org.il\/es\/wp-json\/wp\/v2\/types\/page"}],"author":[{"embeddable":true,"href":"https:\/\/nativhagiur.org.il\/es\/wp-json\/wp\/v2\/users\/1"}],"replies":[{"embeddable":true,"href":"https:\/\/nativhagiur.org.il\/es\/wp-json\/wp\/v2\/comments?post=4494"}],"version-history":[{"count":4,"href":"https:\/\/nativhagiur.org.il\/es\/wp-json\/wp\/v2\/pages\/4494\/revisions"}],"predecessor-version":[{"id":4498,"href":"https:\/\/nativhagiur.org.il\/es\/wp-json\/wp\/v2\/pages\/4494\/revisions\/4498"}],"wp:attachment":[{"href":"https:\/\/nativhagiur.org.il\/es\/wp-json\/wp\/v2\/media?parent=4494"}],"curies":[{"name":"wp","href":"https:\/\/api.w.org\/{rel}","templated":true}]}}