{"id":3162,"date":"2016-01-31T09:27:59","date_gmt":"2016-01-31T09:27:59","guid":{"rendered":"https:\/\/nativhagiur.org.il\/classes-map\/"},"modified":"2018-02-13T15:07:30","modified_gmt":"2018-02-13T15:07:30","slug":"repartition-des-classes","status":"publish","type":"page","link":"https:\/\/nativhagiur.org.il\/fr\/repartition-des-classes\/","title":{"rendered":"R\u00e9partition des classes"},"content":{"rendered":"<div class=\"wpb-content-wrapper\">[vc_row nexus_after_row_show=\u00a0\u00bb\u00a0\u00bb][vc_column][vc_single_image image=\u00a0\u00bb2068&Prime; img_size=\u00a0\u00bbfull\u00a0\u00bb alignment=\u00a0\u00bbcenter\u00a0\u00bb el_class=\u00a0\u00bbhidemobile headerimg\u00a0\u00bb][vc_single_image image=\u00a0\u00bb2966&Prime; img_size=\u00a0\u00bbfull\u00a0\u00bb alignment=\u00a0\u00bbcenter\u00a0\u00bb el_class=\u00a0\u00bbshowmobile headerimg\u00a0\u00bb][vc_single_image image=\u00a0\u00bb2021&Prime; img_size=\u00a0\u00bbfull\u00a0\u00bb alignment=\u00a0\u00bbcenter\u00a0\u00bb onclick=\u00a0\u00bbcustom_link\u00a0\u00bb el_class=\u00a0\u00bblogo\u00a0\u00bb link=\u00a0\u00bbhttps:\/\/nativhagiur.org.il\/fr\u00a0\u00bb][vc_column_text el_class=\u00a0\u00bbheadertitle\u00a0\u00bb]\r\n<h2 style=\"text-align: center;\"><span style=\"color: #ffffff;\">Les classes de Nativ-civil dans tout le pays d&rsquo;Isra\u00ebl<\/span><\/h2>\r\n[\/vc_column_text][\/vc_column][\/vc_row][vc_row nexus_row_type=\u00a0\u00bbin_container\u00a0\u00bb nexus_after_row_show=\u00a0\u00bb\u00a0\u00bb][vc_column width=\u00a0\u00bb1\/2&Prime;][vc_column_text]\r\n<h2 style=\"text-align: left;\">Nous avons des cours de preparation \u00e0 la conversion dans tout le pays d&rsquo;Isra\u00ebl de Nahariya au nord et jusqu&rsquo;\u00e0 Eilat au sud<\/h2>\r\n<h3 style=\"text-align: left;\">Vous recherchez une classe de preparation \u00e0 la conversion?\r\nPour votre commodit\u00e9, consultez\u00a0 la carte de localisation des classes.<\/h3>\r\n<h2 style=\"text-align: left;\">Prenez note<\/h2>\r\n<h3 style=\"text-align: left;\">Nous continuons d&rsquo;ouvrir de nouvelles classes tout le temps, m\u00eame si vous ne trouvez pas de classe proche de votre domicile, il est probable qu&rsquo;une classe soit en train de se former en ce moment m\u00eame. Nous vous conseillons vivement de nous contacter ici sur le site pour localiser la classe la plus proche de chez vous.<\/h3>\r\n[\/vc_column_text][\/vc_column][vc_column width=\u00a0\u00bb1\/2&Prime;][vc_raw_html]JTNDaWZyYW1lJTIwc3JjJTNEJTIyaHR0cHMlM0ElMkYlMkZ3d3cuZ29vZ2xlLmNvbSUyRm1hcHMlMkZkJTJGdSUyRjElMkZlbWJlZCUzRm1pZCUzRHpKcmV5dTh6Z0Vxay5rd2p6MEwwQ1pTSUUlMjIlMjB3aWR0aCUzRCUyMjY0MCUyMiUyMGhlaWdodCUzRCUyMjQ4MCUyMiUzRSUzQyUyRmlmcmFtZSUzRQ==[\/vc_raw_html][\/vc_column][\/vc_row][vc_row nexus_after_row_show=\u00a0\u00bb\u00a0\u00bb][vc_column][vc_separator][\/vc_column][\/vc_row][vc_row nexus_row_type=\u00a0\u00bbin_container\u00a0\u00bb nexus_after_row_show=\u00a0\u00bb\u00a0\u00bb nexus_inner_row_maxwidth=\u00a0\u00bb55%\u00a0\u00bb nexus_class=\u00a0\u00bbformrow\u00a0\u00bb nexus_id=\u00a0\u00bbregform\u00a0\u00bb][vc_column][vc_column_text]\r\n<h5 style=\"text-align: center;\"><strong><span style=\"color: #000000;\">Pour continuer le processus et recevoir un compl\u00e9ment d&rsquo;information, veuillez remplir vos coordonn\u00e9es et nous vous contacterons.<\/span><\/strong><\/h5>\r\n[\/vc_column_text][vc_raw_html]JTA5JTNDJTIxLS0lMjBGT1JNJTNBJTIwSEVBRCUyMFNFQ1RJT04lMjAtLSUzRSUwQSUwQSUwOSUyMCUyMCUyMCUyMCUzQ21ldGElMjBodHRwLWVxdWl2JTNEJTIyQ29udGVudC1UeXBlJTIyJTIwY29udGVudCUzRCUyMnRleHQlMkZodG1sJTNCJTIwY2hhcnNldCUzRHV0Zi04JTIyJTIwJTJGJTNFJTBBJTA5JTIwJTIwJTIwJTIwJTNDbGluayUyMGhyZWYlM0QlMjJodHRwcyUzQSUyRiUyRmxsbi50ZmFmb3Jtcy5uZXQlMkZmb3JtLWJ1aWxkZXIlMkY0LjMuMCUyRmNzcyUyRndmb3Jtcy1sYXlvdXQuY3NzJTIyJTIwcmVsJTNEJTIyc3R5bGVzaGVldCUyMiUyMHR5cGUlM0QlMjJ0ZXh0JTJGY3NzJTIyJTIwJTJGJTNFJTBBJTA5JTIwJTIwJTIwJTIwJTNDJTIxLS0lNUJpZiUyMElFJTIwOCU1RCUzRSUwQSUwOSUyMCUyMCUyMCUyMCUzQ2xpbmslMjBocmVmJTNEJTIyaHR0cHMlM0ElMkYlMkZsbG4udGZhZm9ybXMubmV0JTJGZm9ybS1idWlsZGVyJTJGNC4zLjAlMkZjc3MlMkZ3Zm9ybXMtbGF5b3V0LWllOC5jc3MlMjIlMjByZWwlM0QlMjJzdHlsZXNoZWV0JTIyJTIwdHlwZSUzRCUyMnRleHQlMkZjc3MlMjIlMjAlMkYlM0UlMEElMDklMjAlMjAlMjAlMjAlM0MlMjElNUJlbmRpZiU1RC0tJTNFJTBBJTA5JTIwJTIwJTIwJTIwJTNDJTIxLS0lNUJpZiUyMElFJTIwNyU1RCUzRSUwQSUwOSUyMCUyMCUyMCUyMCUzQ2xpbmslMjBocmVmJTNEJTIyaHR0cHMlM0ElMkYlMkZsbG4udGZhZm9ybXMubmV0JTJGZm9ybS1idWlsZGVyJTJGNC4zLjAlMkZjc3MlMkZ3Zm9ybXMtbGF5b3V0LWllNy5jc3MlMjIlMjByZWwlM0QlMjJzdHlsZXNoZWV0JTIyJTIwdHlwZSUzRCUyMnRleHQlMkZjc3MlMjIlMjAlMkYlM0UlMEElMDklMjAlMjAlMjAlMjAlM0MlMjElNUJlbmRpZiU1RC0tJTNFJTBBJTA5JTIwJTIwJTIwJTIwJTNDJTIxLS0lNUJpZiUyMElFJTIwNiU1RCUzRSUwQSUwOSUyMCUyMCUyMCUyMCUzQ2xpbmslMjBocmVmJTNEJTIyaHR0cHMlM0ElMkYlMkZsbG4udGZhZm9ybXMubmV0JTJGZm9ybS1idWlsZGVyJTJGNC4zLjAlMkZjc3MlMkZ3Zm9ybXMtbGF5b3V0LWllNi5jc3MlMjIlMjByZWwlM0QlMjJzdHlsZXNoZWV0JTIyJTIwdHlwZSUzRCUyMnRleHQlMkZjc3MlMjIlMjAlMkYlM0UlMEElMDklMjAlMjAlMjAlMjAlM0MlMjElNUJlbmRpZiU1RC0tJTNFJTBBJTBBJTA5JTIwJTIwJTIwJTIwJTNDbGluayUyMGhyZWYlM0QlMjJodHRwcyUzQSUyRiUyRmxsbi50ZmFmb3Jtcy5uZXQlMkZ0aGVtZXMlMkZnZXQlMkYzODc0MyUyMiUyMHJlbCUzRCUyMnN0eWxlc2hlZXQlMjIlMjB0eXBlJTNEJTIydGV4dCUyRmNzcyUyMiUyMCUyRiUzRSUwQSUwOSUyMCUyMCUyMCUyMCUzQ2xpbmslMjBocmVmJTNEJTIyaHR0cHMlM0ElMkYlMkZsbG4udGZhZm9ybXMubmV0JTJGZm9ybS1idWlsZGVyJTJGNC4zLjAlMkZjc3MlMkZ3Zm9ybXMtanNvbmx5LmNzcyUyMiUyMHJlbCUzRCUyMmFsdGVybmF0ZSUyMHN0eWxlc2hlZXQlMjIlMjB0aXRsZSUzRCUyMlRoaXMlMjBzdHlsZXNoZWV0JTIwYWN0aXZhdGVkJTIwYnklMjBqYXZhc2NyaXB0JTIyJTIwdHlwZSUzRCUyMnRleHQlMkZjc3MlMjIlMjAlMkYlM0UlMEElMDklMjAlMjAlMjAlMjAlM0NzY3JpcHQlMjB0eXBlJTNEJTIydGV4dCUyRmphdmFzY3JpcHQlMjIlMjBzcmMlM0QlMjJodHRwcyUzQSUyRiUyRmxsbi50ZmFmb3Jtcy5uZXQlMkZ3Rm9ybXMlMkYzLjEwJTJGanMlMkZ3Zm9ybXMuanMlMjIlM0UlM0MlMkZzY3JpcHQlM0UlMEElMDklMjAlMjAlMjAlMjAlM0NzY3JpcHQlMjB0eXBlJTNEJTIydGV4dCUyRmphdmFzY3JpcHQlMjIlM0UlMEElMDklMjAlMjAlMjAlMjAlMjAlMjAlMjAlMjB3Rk9STVMuYmVoYXZpb3JzLnByZWZpbGwuc2tpcCUyMCUzRCUyMGZhbHNlJTNCJTBBJTA5JTIwJTIwJTIwJTIwJTNDJTJGc2NyaXB0JTNFJTBBJTA5JTIwJTIwJTIwJTIwJTIwJTIwJTIwJTIwJTNDc2NyaXB0JTIwdHlwZSUzRCUyMnRleHQlMkZqYXZhc2NyaXB0JTIyJTIwc3JjJTNEJTIyaHR0cHMlM0ElMkYlMkZsbG4udGZhZm9ybXMubmV0JTJGd0Zvcm1zJTJGMy4xMCUyRmpzJTJGbG9jYWxpemF0aW9uLWhlLmpzJTIyJTNFJTNDJTJGc2NyaXB0JTNFJTBBJTBBJTA5JTNDJTIxLS0lMjBGT1JNJTNBJTIwQk9EWSUyMFNFQ1RJT04lMjAtLSUzRSUwQSUwOSUzQ2RpdiUyMGNsYXNzJTNEJTIyd0Zvcm1Db250YWluZXIlMjIlMjAlMjAlM0UlMEElMEElMDklMjAlMjAlM0NzdHlsZSUyMHR5cGUlM0QlMjJ0ZXh0JTJGY3NzJTIyJTNFJTBBJTA5JTIwJTIwJTIwJTIwJTIwJTIwJTIwJTIwJTIwJTIwJTIwJTIwJTIwJTIwJTIwJTIwJTIzdGZhXzElMkMlMEElMDklMjAlMjAlMjAlMjAlMjAlMjAlMjAlMjAlMjAlMjAlMjAlMjAlMjAlMjAlMjAlMjAlMkElNUJpZCU1RSUzRCUyMnRmYV8xJTVCJTIyJTVEJTIwJTdCJTBBJTA5JTIwJTIwJTIwJTIwJTIwJTIwJTIwJTIwJTIwJTIwJTIwJTIwJTIwJTIwJTIwJTIwJTIwJTIwJTIwJTIwd2lkdGglM0ElMjAxNDAuMzYzNjRweCUyMCUyMWltcG9ydGFudCUzQiUwQSUwOSUyMCUyMCUyMCUyMCUyMCUyMCUyMCUyMCUyMCUyMCUyMCUyMCUyMCUyMCUyMCUyMCU3RCUwQSUwOSUyMCUyMCUyMCUyMCUyMCUyMCUyMCUyMCUyMCUyMCUyMCUyMCUyMCUyMCUyMCUyMCUyM3RmYV8xLUQlMkMlMEElMDklMjAlMjAlMjAlMjAlMjAlMjAlMjAlMjAlMjAlMjAlMjAlMjAlMjAlMjAlMjAlMjAlMkElNUJpZCU1RSUzRCUyMnRmYV8xJTVCJTIyJTVEJTVCY2xhc3N+JTNEJTIyZmllbGQtY29udGFpbmVyLUQlMjIlNUQlMjAlN0IlMEElMDklMjAlMjAlMjAlMjAlMjAlMjAlMjAlMjAlMjAlMjAlMjAlMjAlMjAlMjAlMjAlMjAlMjAlMjAlMjAlMjB3aWR0aCUzQSUyMGF1dG8lMjAlMjFpbXBvcnRhbnQlM0IlMEElMDklMjAlMjAlMjAlMjAlMjAlMjAlMjAlMjAlMjAlMjAlMjAlMjAlMjAlMjAlMjAlMjAlN0QlMEElMDklMjAlMjAlMjAlMjAlMjAlMjAlMjAlMjAlMjAlMjAlMjAlMjAlMEElMDklMjAlMjAlMjAlMjAlMjAlMjAlMjAlMjAlMjAlMjAlMjAlMjAlMjAlMjAlMjAlMjAlMjN0ZmFfMS1MJTJDJTBBJTA5JTIwJTIwJTIwJTIwJTIwJTIwJTIwJTIwJTIwJTIwJTIwJTIwJTIwJTIwJTIwJTIwbGFiZWwlNUJpZCU1RSUzRCUyMnRmYV8xJTVCJTIyJTVEJTIwJTdCJTBBJTA5JTIwJTIwJTIwJTIwJTIwJTIwJTIwJTIwJTIwJTIwJTIwJTIwJTIwJTIwJTIwJTIwJTIwJTIwJTIwJTIwd2lkdGglM0ElMjA2MHB4JTIwJTIxaW1wb3J0YW50JTNCJTBBJTA5JTIwJTIwJTIwJTIwJTIwJTIwJTIwJTIwJTIwJTIwJTIwJTIwJTIwJTIwJTIwJTIwJTdEJTBBJTA5JTIwJTIwJTIwJTIwJTIwJTIwJTIwJTIwJTIwJTIwJTIwJTIwJTBBJTA5JTIwJTIwJTIwJTIwJTIwJTIwJTIwJTIwJTIwJTIwJTIwJTIwJTIwJTIwJTIwJTIwJTIzdGZhXzUlMkMlMEElMDklMjAlMjAlMjAlMjAlMjAlMjAlMjAlMjAlMjAlMjAlMjAlMjAlMjAlMjAlMjAlMjAlMkElNUJpZCU1RSUzRCUyMnRmYV81JTVCJTIyJTVEJTIwJTdCJTBBJTA5JTIwJTIwJTIwJTIwJTIwJTIwJTIwJTIwJTIwJTIwJTIwJTIwJTIwJTIwJTIwJTIwJTIwJTIwJTIwJTIwd2lkdGglM0ElMjAxNjAuMTgxODE4cHglMjAlMjFpbXBvcnRhbnQlM0IlMEElMDklMjAlMjAlMjAlMjAlMjAlMjAlMjAlMjAlMjAlMjAlMjAlMjAlMjAlMjAlMjAlMjAlN0QlMEElMDklMjAlMjAlMjAlMjAlMjAlMjAlMjAlMjAlMjAlMjAlMjAlMjAlMjAlMjAlMjAlMjAlMjN0ZmFfNS1EJTJDJTBBJTA5JTIwJTIwJTIwJTIwJTIwJTIwJTIwJTIwJTIwJTIwJTIwJTIwJTIwJTIwJTIwJTIwJTJBJTVCaWQlNUUlM0QlMjJ0ZmFfNSU1QiUyMiU1RCU1QmNsYXNzfiUzRCUyMmZpZWxkLWNvbnRhaW5lci1EJTIyJTVEJTIwJTdCJTBBJTA5JTIwJTIwJTIwJTIwJTIwJTIwJTIwJTIwJTIwJTIwJTIwJTIwJTIwJTIwJTIwJTIwJTIwJTIwJTIwJTIwd2lkdGglM0ElMjBhdXRvJTIwJTIxaW1wb3J0YW50JTNCJTBBJTA5JTIwJTIwJTIwJTIwJTIwJTIwJTIwJTIwJTIwJTIwJTIwJTIwJTIwJTIwJTIwJTIwJTdEJTBBJTA5JTIwJTIwJTIwJTIwJTIwJTIwJTIwJTIwJTIwJTIwJTIwJTIwJTBBJTA5JTIwJTIwJTIwJTIwJTIwJTIwJTIwJTIwJTIwJTIwJTIwJTIwJTIwJTIwJTIwJTIwJTIzdGZhXzUtTCUyQyUwQSUwOSUyMCUyMCUyMCUyMCUyMCUyMCUyMCUyMCUyMCUyMCUyMCUyMCUyMCUyMCUyMCUyMGxhYmVsJTVCaWQlNUUlM0QlMjJ0ZmFfNSU1QiUyMiU1RCUyMCU3QiUwQSUwOSUyMCUyMCUyMCUyMCUyMCUyMCUyMCUyMCUyMCUyMCUyMCUyMCUyMCUyMCUyMCUyMCUyMCUyMCUyMCUyMHdpZHRoJTNBJTIwNzBweCUyMCUyMWltcG9ydGFudCUzQiUwQSUwOSUyMCUyMCUyMCUyMCUyMCUyMCUyMCUyMCUyMCUyMCUyMCUyMCUyMCUyMCUyMCUyMCU3RCUwQSUwOSUyMCUyMCUyMCUyMCUyMCUyMCUyMCUyMCUyMCUyMCUyMCUyMCUwQSUwOSUyMCUyMCUyMCUyMCUyMCUyMCUyMCUyMCUyMCUyMCUyMCUyMCUyMCUyMCUyMCUyMCUyM3RmYV82JTJDJTBBJTA5JTIwJTIwJTIwJTIwJTIwJTIwJTIwJTIwJTIwJTIwJTIwJTIwJTIwJTIwJTIwJTIwJTJBJTVCaWQlNUUlM0QlMjJ0ZmFfNiU1QiUyMiU1RCUyMCU3QiUwQSUwOSUyMCUyMCUyMCUyMCUyMCUyMCUyMCUyMCUyMCUyMCUyMCUyMCUyMCUyMCUyMCUyMCUyMCUyMCUyMCUyMHdpZHRoJTNBJTIwMTYwLjE4MTgxOHB4JTIwJTIxaW1wb3J0YW50JTNCJTBBJTA5JTIwJTIwJTIwJTIwJTIwJTIwJTIwJTIwJTIwJTIwJTIwJTIwJTIwJTIwJTIwJTIwJTdEJTBBJTA5JTIwJTIwJTIwJTIwJTIwJTIwJTIwJTIwJTIwJTIwJTIwJTIwJTIwJTIwJTIwJTIwJTIzdGZhXzYtRCUyQyUwQSUwOSUyMCUyMCUyMCUyMCUyMCUyMCUyMCUyMCUyMCUyMCUyMCUyMCUyMCUyMCUyMCUyMCUyQSU1QmlkJTVFJTNEJTIydGZhXzYlNUIlMjIlNUQlNUJjbGFzc34lM0QlMjJmaWVsZC1jb250YWluZXItRCUyMiU1RCUyMCU3QiUwQSUwOSUyMCUyMCUyMCUyMCUyMCUyMCUyMCUyMCUyMCUyMCUyMCUyMCUyMCUyMCUyMCUyMCUyMCUyMCUyMCUyMHdpZHRoJTNBJTIwYXV0byUyMCUyMWltcG9ydGFudCUzQiUwQSUwOSUyMCUyMCUyMCUyMCUyMCUyMCUyMCUyMCUyMCUyMCUyMCUyMCUyMCUyMCUyMCUyMCU3RCUwQSUwOSUyMCUyMCUyMCUyMCUyMCUyMCUyMCUyMCUyMCUyMCUyMCUyMCUwQSUwOSUyMCUyMCUyMCUyMCUyMCUyMCUyMCUyMCUyMCUyMCUyMCUyMCUyMCUyMCUyMCUyMCUyM3RmYV84LUwlMkMlMEElMDklMjAlMjAlMjAlMjAlMjAlMjAlMjAlMjAlMjAlMjAlMjAlMjAlMjAlMjAlMjAlMjBsYWJlbCU1QmlkJTVFJTNEJTIydGZhXzglNUIlMjIlNUQlMjAlN0IlMEElMDklMjAlMjAlMjAlMjAlMjAlMjAlMjAlMjAlMjAlMjAlMjAlMjAlMjAlMjAlMjAlMjAlMjAlMjAlMjAlMjB3aWR0aCUzQSUyMDExMHB4JTIwJTIxaW1wb3J0YW50JTNCJTBBJTA5JTIwJTIwJTIwJTIwJTIwJTIwJTIwJTIwJTIwJTIwJTIwJTIwJTIwJTIwJTIwJTIwJTdEJTBBJTA5JTIwJTIwJTIwJTIwJTIwJTIwJTIwJTIwJTIwJTIwJTIwJTIwJTBBJTA5JTIwJTIwJTIwJTIwJTIwJTIwJTIwJTIwJTIwJTIwJTIwJTIwJTIwJTIwJTIwJTIwJTIzdGZhXzEyLUwlMkMlMEElMDklMjAlMjAlMjAlMjAlMjAlMjAlMjAlMjAlMjAlMjAlMjAlMjAlMjAlMjAlMjAlMjBsYWJlbCU1QmlkJTVFJTNEJTIydGZhXzEyJTVCJTIyJTVEJTIwJTdCJTBBJTA5JTIwJTIwJTIwJTIwJTIwJTIwJTIwJTIwJTIwJTIwJTIwJTIwJTIwJTIwJTIwJTIwJTIwJTIwJTIwJTIwd2lkdGglM0ElMjAxMTBweCUyMCUyMWltcG9ydGFudCUzQiUwQSUwOSUyMCUyMCUyMCUyMCUyMCUyMCUyMCUyMCUyMCUyMCUyMCUyMCUyMCUyMCUyMCUyMCU3RCUwQSUwOSUyMCUyMCUyMCUyMCUyMCUyMCUyMCUyMCUyMCUyMCUyMCUyMCUwQSUwOSUyMCUyMCUyMCUyMCUyMCUyMCUyMCUyMCUyMCUyMCUyMCUyMCUyMCUyMCUyMCUyMCUyM3RmYV8xMC1MJTJDJTBBJTA5JTIwJTIwJTIwJTIwJTIwJTIwJTIwJTIwJTIwJTIwJTIwJTIwJTIwJTIwJTIwJTIwbGFiZWwlNUJpZCU1RSUzRCUyMnRmYV8xMCU1QiUyMiU1RCUyMCU3QiUwQSUwOSUyMCUyMCUyMCUyMCUyMCUyMCUyMCUyMCUyMCUyMCUyMCUyMCUyMCUyMCUyMCUyMCUyMCUyMCUyMCUyMHdpZHRoJTNBJTIwMTEwcHglMjAlMjFpbXBvcnRhbnQlM0IlMEElMDklMjAlMjAlMjAlMjAlMjAlMjAlMjAlMjAlMjAlMjAlMjAlMjAlMjAlMjAlMjAlMjAlN0QlMEElMEElMEElMDklMjAlMjAlMjAlMjAlMjAlMjAlMjAlMjAlMjAlMjAlMjAlMjAlMjAlMjAlMjAlMjAud0Zvcm0lMjBpbnB1dCU1QnR5cGUlM0RidXR0b24lNUQlMkMlMjAud0Zvcm0lMjBpbnB1dCU1QnR5cGUlM0RzdWJtaXQlNUQlMjAlN0IlMEElMDklMjAlMjAlMjAlMjAlMjAlMjAlMjAlMjAlMjAlMjAlMjAlMjAlMjAlMjAlMjAlMjAlMjAlMjAlMjAlMjBiYWNrZ3JvdW5kLWltYWdlJTNBJTIwdXJsJTI4JTIyaHR0cCUzQSUyRiUyRm5hdGl2aGFnaXVyLm9yZy5pbCUyRndwLWNvbnRlbnQlMkZ1cGxvYWRzJTJGMjAxNSUyRjExJTJGc2VuZC1mci5wbmclMjIlMjklM0IlMEElMDklMjAlMjAlMjAlMjAlMjAlMjAlMjAlMjAlMjAlMjAlMjAlMjAlMjAlMjAlMjAlMjAlN0QlMEElMDklMjAlMjAlMjAlMjAlMjAlMjAlMjAlMjAlMjAlMjAlMjAlMjAlM0MlMkZzdHlsZSUzRSUzQ2RpdiUyMGNsYXNzJTNEJTIyJTIyJTNFJTNDZGl2JTIwY2xhc3MlM0QlMjJ3Rm9ybSUyMiUyMGlkJTNEJTIydGZhXzAtV1JQUiUyMiUyMGRpciUzRCUyMnJ0bCUyMiUzRSUwQSUwOSUzQ2RpdiUyMGNsYXNzJTNEJTIyY29kZXNlY3Rpb24lMjIlMjBpZCUzRCUyMmNvZGUtdGZhXzAlMjIlM0UlM0MlMkZkaXYlM0UlMEElMDklM0Nmb3JtJTIwbWV0aG9kJTNEJTIycG9zdCUyMiUyMGFjdGlvbiUzRCUyMmh0dHBzJTNBJTJGJTJGbGxuLnRmYWZvcm1zLm5ldCUyRnJlc3BvbnNlcyUyRnByb2Nlc3NvciUyMiUyMGNsYXNzJTNEJTIyaGludHNCZWxvdyUyMGxhYmVsc0Fib3ZlJTIyJTIwaWQlM0QlMjJ0ZmFfMCUyMiUyMHN0eWxlJTNEJTIyZGlyZWN0aW9uJTNBJTIwbHRyJTIwJTIxaW1wb3J0YW50JTNCJTIyJTNFJTBBJTA5JTNDZGl2JTIwaWQlM0QlMjJ0ZmFfNyUyMiUyMGNsYXNzJTNEJTIyc2VjdGlvbiUyMGlubGluZSUyMGdyb3VwJTIyJTNFJTBBJTA5JTNDZGl2JTIwaWQlM0QlMjJ0ZmFfMS1EJTIyJTIwY2xhc3MlM0QlMjJvbmVGaWVsZCUyMGZpZWxkLWNvbnRhaW5lci1EJTIwJTIwJTIwJTIwJTIwJTIyJTNFJTNDZGl2JTIwY2xhc3MlM0QlMjJpbnB1dFdyYXBwZXIlMjIlM0UlM0NpbnB1dCUyMHR5cGUlM0QlMjJ0ZXh0JTIyJTIwaWQlM0QlMjJ0ZmFfMSUyMiUyMG5hbWUlM0QlMjJ0ZmFfMSUyMiUyMHZhbHVlJTNEJTIyJTIyJTIwcGxhY2Vob2xkZXIlM0QlMjJOb20lMjBldCUyMHByJUMzJUE5bm9tJTIyJTIwdGl0bGUlM0QlMjIlMjIlMjBjbGFzcyUzRCUyMnJlcXVpcmVkJTIyJTNFJTNDJTJGZGl2JTNFJTNDJTJGZGl2JTNFJTBBJTA5JTNDZGl2JTIwaWQlM0QlMjJ0ZmFfNS1EJTIyJTIwY2xhc3MlM0QlMjJvbmVGaWVsZCUyMGZpZWxkLWNvbnRhaW5lci1EJTIwJTIwJTIwJTIwJTIwJTIyJTNFJTNDZGl2JTIwY2xhc3MlM0QlMjJpbnB1dFdyYXBwZXIlMjIlM0UlM0NpbnB1dCUyMHR5cGUlM0QlMjJ0ZXh0JTIyJTIwaWQlM0QlMjJ0ZmFfNSUyMiUyMG5hbWUlM0QlMjJ0ZmFfNSUyMiUyMHZhbHVlJTNEJTIyJTIyJTIwcGxhY2Vob2xkZXIlM0QlMjJUZWwlQzMlQTlwaG9uZSUyMiUyMHRpdGxlJTNEJTIyJTIyJTIwY2xhc3MlM0QlMjJyZXF1aXJlZCUyMiUzRSUzQyUyRmRpdiUzRSUzQyUyRmRpdiUzRSUwQSUwOSUzQ2RpdiUyMGlkJTNEJTIydGZhXzYtRCUyMiUyMGNsYXNzJTNEJTIyb25lRmllbGQlMjBmaWVsZC1jb250YWluZXItRCUyMCUyMCUyMCUyMCUyMCUyMiUzRSUzQ2RpdiUyMGNsYXNzJTNEJTIyaW5wdXRXcmFwcGVyJTIyJTNFJTNDaW5wdXQlMjB0eXBlJTNEJTIydGV4dCUyMiUyMGlkJTNEJTIydGZhXzYlMjIlMjBuYW1lJTNEJTIydGZhXzYlMjIlMjB2YWx1ZSUzRCUyMiUyMiUyMHBsYWNlaG9sZGVyJTNEJTIyVmlsbGUlMjIlMjB0aXRsZSUzRCUyMiUyMiUyMGNsYXNzJTNEJTIycmVxdWlyZWQlMjIlM0UlM0MlMkZkaXYlM0UlM0MlMkZkaXYlM0UlMEElMDklM0MlMkZkaXYlM0UlMEElMDklM0NpbnB1dCUyMHR5cGUlM0QlMjJoaWRkZW4lMjIlMjBpZCUzRCUyMnRmYV84JTIyJTIwbmFtZSUzRCUyMnRmYV84JTIyJTIwdmFsdWUlM0QlMjIlRDclQTIlRDclOUUlRDclOTUlRDclOTMlMjAlRDclQTQlRDclQTglRDclOTklRDclQTElRDclQUElMjAlRDclOUIlRDclOTklRDclQUElRDclOTUlRDclQUElMjAtJTIwJUQ3JUE2JUQ3JUE4JUQ3JUE0JUQ3JUFBJUQ3JTk5JUQ3JUFBJTIyJTIwY2xhc3MlM0QlMjIlMjIlM0UlMEElMDklM0NpbnB1dCUyMHR5cGUlM0QlMjJoaWRkZW4lMjIlMjBpZCUzRCUyMnRmYV8xMiUyMiUyMG5hbWUlM0QlMjJ0ZmFfMTIlMjIlMjB2YWx1ZSUzRCUyMiVENyU5MCVENyVBQSVENyVBOCUyMCVENyU5NCVENyU5MCVENyU5OSVENyVBMCVENyU5OCVENyVBOCVENyVBMCVENyU5OCUyMCVENyVBMCVENyVBQSVENyU5OSVENyU5MSUyMiUyMGNsYXNzJTNEJTIyJTIyJTNFJTBBJTA5JTNDaW5wdXQlMjB0eXBlJTNEJTIyaGlkZGVuJTIyJTIwaWQlM0QlMjJ0ZmFfMTAlMjIlMjBuYW1lJTNEJTIydGZhXzEwJTIyJTIwdmFsdWUlM0QlMjJodHRwJTNBJTJGJTJGbmF0aXZoYWdpdXIub3JnLmlsJTJGZnIlMkZ0aGFuay15b3UlMkYlMjIlMjBjbGFzcyUzRCUyMiUyMiUzRSUwQSUwOSUzQ2RpdiUyMGNsYXNzJTNEJTIyYWN0aW9ucyUyMiUyMGlkJTNEJTIydGZhXzAtQSUyMiUzRSUzQ2lucHV0JTIwdHlwZSUzRCUyMnN1Ym1pdCUyMiUyMGNsYXNzJTNEJTIycHJpbWFyeUFjdGlvbiUyMiUyMHZhbHVlJTNEJTIyJTIyJTNFJTNDJTJGZGl2JTNFJTBBJTBBJTA5JTNDZGl2JTIwc3R5bGUlM0QlMjJjbGVhciUzQWJvdGglMjIlM0UlM0MlMkZkaXYlM0UlMEElMDklM0NpbnB1dCUyMHR5cGUlM0QlMjJoaWRkZW4lMjIlMjB2YWx1ZSUzRCUyMjIwNyUyMiUyMG5hbWUlM0QlMjJ0ZmFfZGJGb3JtSWQlMjIlMjBpZCUzRCUyMnRmYV9kYkZvcm1JZCUyMiUzRSUzQ2lucHV0JTIwdHlwZSUzRCUyMmhpZGRlbiUyMiUyMHZhbHVlJTNEJTIyJTIyJTIwbmFtZSUzRCUyMnRmYV9kYlJlc3BvbnNlSWQlMjIlMjBpZCUzRCUyMnRmYV9kYlJlc3BvbnNlSWQlMjIlM0UlM0NpbnB1dCUyMHR5cGUlM0QlMjJoaWRkZW4lMjIlMjB2YWx1ZSUzRCUyMjNiMDM2ODk3Y2Q5NjI3NzI4ZWQyMzlmOTc3NDhlNDkyJTIyJTIwbmFtZSUzRCUyMnRmYV9kYkNvbnRyb2wlMjIlMjBpZCUzRCUyMnRmYV9kYkNvbnRyb2wlMjIlM0UlM0NpbnB1dCUyMHR5cGUlM0QlMjJoaWRkZW4lMjIlMjB2YWx1ZSUzRCUyMjI4JTIyJTIwbmFtZSUzRCUyMnRmYV9kYlZlcnNpb25JZCUyMiUyMGlkJTNEJTIydGZhX2RiVmVyc2lvbklkJTIyJTNFJTNDaW5wdXQlMjB0eXBlJTNEJTIyaGlkZGVuJTIyJTIwdmFsdWUlM0QlMjIlMjIlMjBuYW1lJTNEJTIydGZhX3N3aXRjaGVkb2ZmJTIyJTIwaWQlM0QlMjJ0ZmFfc3dpdGNoZWRvZmYlMjIlM0UlMEElMDklM0MlMkZmb3JtJTNFJTBBJTA5JTNDJTJGZGl2JTNFJTNDJTJGZGl2JTNFJTBBJTA5JTIwJTIwJTIwJTIwJTIwJTIwJTNDJTJGcCUzRSUwQSUwQSUwOSUzQyUyRmRpdiUzRQ==[\/vc_raw_html][vc_column_text]\r\n<h4 style=\"text-align: center;\"><strong><span style=\"color: #000000;\">Notre programme est reserv\u00e9 aux citoyens isra\u00e9liens et aux r\u00e9sidents permanents.<\/span><\/strong><\/h4>\r\n[\/vc_column_text][vc_empty_space][\/vc_column][\/vc_row][vc_row nexus_after_row_show=\u00a0\u00bb\u00a0\u00bb][vc_column][vc_single_image image=\u00a0\u00bb2098&Prime; img_size=\u00a0\u00bbfull\u00a0\u00bb alignment=\u00a0\u00bbcenter\u00a0\u00bb onclick=\u00a0\u00bbcustom_link\u00a0\u00bb link=\u00a0\u00bbhttps:\/\/nativhagiur.org.il\/fr\/\u00a0\u00bb][\/vc_column][\/vc_row][vc_row nexus_row_type=\u00a0\u00bbin_container\u00a0\u00bb nexus_after_row_show=\u00a0\u00bb\u00a0\u00bb][vc_column width=\u00a0\u00bb1\/4&Prime;][\/vc_column][vc_column width=\u00a0\u00bb1\/4&Prime;][vc_single_image image=\u00a0\u00bb2096&Prime; img_size=\u00a0\u00bbfull\u00a0\u00bb alignment=\u00a0\u00bbcenter\u00a0\u00bb onclick=\u00a0\u00bbcustom_link\u00a0\u00bb img_link_target=\u00a0\u00bb_blank\u00a0\u00bb link=\u00a0\u00bbhttps:\/\/www.jewishagency.org\/he\/\u00a0\u00bb][\/vc_column][vc_column width=\u00a0\u00bb1\/4&Prime;][vc_single_image image=\u00a0\u00bb2155&Prime; img_size=\u00a0\u00bbfull\u00a0\u00bb alignment=\u00a0\u00bbcenter\u00a0\u00bb onclick=\u00a0\u00bbcustom_link\u00a0\u00bb img_link_target=\u00a0\u00bb_blank\u00a0\u00bb link=\u00a0\u00bbhttps:\/\/www.pmo.gov.il\/BranchesAndUnits\/Giur\/Pages\/agafgiur.aspx \u00ab\u00a0][\/vc_column][vc_column width=\u00a0\u00bb1\/4&Prime;][\/vc_column][\/vc_row][vc_row nexus_row_type=\u00a0\u00bbin_container\u00a0\u00bb nexus_after_row_show=\u00a0\u00bb\u00a0\u00bb][vc_column width=\u00a0\u00bb1\/4&Prime;][\/vc_column][vc_column width=\u00a0\u00bb1\/4&Prime;][vc_single_image image=\u00a0\u00bb3069&Prime; img_size=\u00a0\u00bbfull\u00a0\u00bb alignment=\u00a0\u00bbcenter\u00a0\u00bb onclick=\u00a0\u00bbcustom_link\u00a0\u00bb img_link_target=\u00a0\u00bb_blank\u00a0\u00bb link=\u00a0\u00bbhttps:\/\/www.gpg.org\/ \u00ab\u00a0][\/vc_column][vc_column width=\u00a0\u00bb1\/4&Prime;][vc_single_image image=\u00a0\u00bb2143&Prime; img_size=\u00a0\u00bbfull\u00a0\u00bb alignment=\u00a0\u00bbcenter\u00a0\u00bb onclick=\u00a0\u00bbcustom_link\u00a0\u00bb img_link_target=\u00a0\u00bb_blank\u00a0\u00bb link=\u00a0\u00bbhttps:\/\/www.fidf.org\/ \u00ab\u00a0][\/vc_column][vc_column width=\u00a0\u00bb1\/4\u00a0\u00bb][\/vc_column][\/vc_row]<\/div>","protected":false},"excerpt":{"rendered":"[vc_row nexus_after_row_show=\"\"][vc_column][vc_single_image image=\"2068\" img_size=\"full\" alignment=\"center\" el_class=\"hidemobile headerimg\"][vc_single_image image=\"2966\" img_size=\"full\" alignment=\"center\" el_class=\"showmobile headerimg\"][vc_single_image image=\"2021\" img_size=\"full\" alignment=\"center\" onclick=\"custom_link\" el_class=\"logo\" link=\"https:\/\/nativhagiur.org.il\/fr\"][vc_column_text el_class=\"headertitle\"] Les classes de Nativ-civil dans tout <p class=\"readmore\"><a class=\"more-btn\" href=\"https:\/\/nativhagiur.org.il\/fr\/repartition-des-classes\/\">Continue reading <span class=\"meta-nav\">&#x2192;<\/span><\/a><\/p>","protected":false},"author":1,"featured_media":0,"parent":0,"menu_order":0,"comment_status":"closed","ping_status":"closed","template":"template-homepage.php","meta":{"footnotes":"","_joinchat":[]},"yoast_head":"<!-- This site is optimized with the Yoast SEO plugin v21.8 - https:\/\/yoast.com\/wordpress\/plugins\/seo\/ -->\n<title>Les classes de Nativ-civil dans tout le pays d&#039;Isra\u00ebl<\/title>\n<meta name=\"robots\" content=\"index, follow, max-snippet:-1, max-image-preview:large, max-video-preview:-1\" \/>\n<link rel=\"canonical\" href=\"https:\/\/nativhagiur.org.il\/\u05e4\u05e8\u05d9\u05e1\u05ea-\u05db\u05d9\u05ea\u05d5\u05ea\/\" \/>\n<meta property=\"og:locale\" content=\"fr_FR\" \/>\n<meta property=\"og:type\" content=\"article\" \/>\n<meta property=\"og:title\" content=\"Les classes de Nativ-civil dans tout le pays d&#039;Isra\u00ebl\" \/>\n<meta property=\"og:url\" content=\"https:\/\/nativhagiur.org.il\/\u05e4\u05e8\u05d9\u05e1\u05ea-\u05db\u05d9\u05ea\u05d5\u05ea\/\" \/>\n<meta property=\"og:site_name\" content=\"\u05e0\u05ea\u05d9\u05d1 - \u05d4\u05de\u05e8\u05db\u05d6 \u05d4\u05dc\u05d0\u05d5\u05de\u05d9 \u05dc\u05d6\u05d4\u05d5\u05ea \u05d5\u05d2\u05d9\u05d5\u05e8\" \/>\n<meta property=\"article:publisher\" content=\"https:\/\/www.facebook.com\/nativhagiur\" \/>\n<meta property=\"article:modified_time\" content=\"2018-02-13T15:07:30+00:00\" \/>\n<meta name=\"twitter:card\" content=\"summary_large_image\" \/>\n<meta name=\"twitter:label1\" content=\"Dur\u00e9e de lecture estim\u00e9e\" \/>\n\t<meta name=\"twitter:data1\" content=\"6 minutes\" \/>\n<script type=\"application\/ld+json\" class=\"yoast-schema-graph\">{\"@context\":\"https:\/\/schema.org\",\"@graph\":[{\"@type\":\"WebPage\",\"@id\":\"https:\/\/nativhagiur.org.il\/%d7%a4%d7%a8%d7%99%d7%a1%d7%aa-%d7%9b%d7%99%d7%aa%d7%95%d7%aa\/\",\"url\":\"https:\/\/nativhagiur.org.il\/%d7%a4%d7%a8%d7%99%d7%a1%d7%aa-%d7%9b%d7%99%d7%aa%d7%95%d7%aa\/\",\"name\":\"Les classes de Nativ-civil dans tout le pays d'Isra\u00ebl\",\"isPartOf\":{\"@id\":\"https:\/\/nativhagiur.org.il\/#website\"},\"datePublished\":\"2016-01-31T09:27:59+00:00\",\"dateModified\":\"2018-02-13T15:07:30+00:00\",\"breadcrumb\":{\"@id\":\"https:\/\/nativhagiur.org.il\/%d7%a4%d7%a8%d7%99%d7%a1%d7%aa-%d7%9b%d7%99%d7%aa%d7%95%d7%aa\/#breadcrumb\"},\"inLanguage\":\"fr-FR\",\"potentialAction\":[{\"@type\":\"ReadAction\",\"target\":[\"https:\/\/nativhagiur.org.il\/%d7%a4%d7%a8%d7%99%d7%a1%d7%aa-%d7%9b%d7%99%d7%aa%d7%95%d7%aa\/\"]}]},{\"@type\":\"BreadcrumbList\",\"@id\":\"https:\/\/nativhagiur.org.il\/%d7%a4%d7%a8%d7%99%d7%a1%d7%aa-%d7%9b%d7%99%d7%aa%d7%95%d7%aa\/#breadcrumb\",\"itemListElement\":[{\"@type\":\"ListItem\",\"position\":1,\"name\":\"Home\",\"item\":\"https:\/\/nativhagiur.org.il\/fr\/\"},{\"@type\":\"ListItem\",\"position\":2,\"name\":\"R\u00e9partition des classes\"}]},{\"@type\":\"WebSite\",\"@id\":\"https:\/\/nativhagiur.org.il\/#website\",\"url\":\"https:\/\/nativhagiur.org.il\/\",\"name\":\"\u05e0\u05ea\u05d9\u05d1 - \u05d4\u05de\u05e8\u05db\u05d6 \u05d4\u05dc\u05d0\u05d5\u05de\u05d9 \u05dc\u05d6\u05d4\u05d5\u05ea \u05d5\u05d2\u05d9\u05d5\u05e8\",\"description\":\"\u05d2\u05d5\u05e3 \u05d4\u05d4\u05db\u05e0\u05d4 \u05dc\u05d2\u05d9\u05d5\u05e8 \u05d4\u05e8\u05e9\u05de\u05d9 \u05e9\u05dc \u05de\u05d3\u05d9\u05e0\u05ea \u05d9\u05e9\u05e8\u05d0\u05dc\",\"potentialAction\":[{\"@type\":\"SearchAction\",\"target\":{\"@type\":\"EntryPoint\",\"urlTemplate\":\"https:\/\/nativhagiur.org.il\/?s={search_term_string}\"},\"query-input\":\"required name=search_term_string\"}],\"inLanguage\":\"fr-FR\"}]}<\/script>\n<!-- \/ Yoast SEO plugin. -->","yoast_head_json":{"title":"Les classes de Nativ-civil dans tout le pays d'Isra\u00ebl","robots":{"index":"index","follow":"follow","max-snippet":"max-snippet:-1","max-image-preview":"max-image-preview:large","max-video-preview":"max-video-preview:-1"},"canonical":"https:\/\/nativhagiur.org.il\/\u05e4\u05e8\u05d9\u05e1\u05ea-\u05db\u05d9\u05ea\u05d5\u05ea\/","og_locale":"fr_FR","og_type":"article","og_title":"Les classes de Nativ-civil dans tout le pays d'Isra\u00ebl","og_url":"https:\/\/nativhagiur.org.il\/\u05e4\u05e8\u05d9\u05e1\u05ea-\u05db\u05d9\u05ea\u05d5\u05ea\/","og_site_name":"\u05e0\u05ea\u05d9\u05d1 - \u05d4\u05de\u05e8\u05db\u05d6 \u05d4\u05dc\u05d0\u05d5\u05de\u05d9 \u05dc\u05d6\u05d4\u05d5\u05ea \u05d5\u05d2\u05d9\u05d5\u05e8","article_publisher":"https:\/\/www.facebook.com\/nativhagiur","article_modified_time":"2018-02-13T15:07:30+00:00","twitter_card":"summary_large_image","twitter_misc":{"Dur\u00e9e de lecture estim\u00e9e":"6 minutes"},"schema":{"@context":"https:\/\/schema.org","@graph":[{"@type":"WebPage","@id":"https:\/\/nativhagiur.org.il\/%d7%a4%d7%a8%d7%99%d7%a1%d7%aa-%d7%9b%d7%99%d7%aa%d7%95%d7%aa\/","url":"https:\/\/nativhagiur.org.il\/%d7%a4%d7%a8%d7%99%d7%a1%d7%aa-%d7%9b%d7%99%d7%aa%d7%95%d7%aa\/","name":"Les classes de Nativ-civil dans tout le pays d'Isra\u00ebl","isPartOf":{"@id":"https:\/\/nativhagiur.org.il\/#website"},"datePublished":"2016-01-31T09:27:59+00:00","dateModified":"2018-02-13T15:07:30+00:00","breadcrumb":{"@id":"https:\/\/nativhagiur.org.il\/%d7%a4%d7%a8%d7%99%d7%a1%d7%aa-%d7%9b%d7%99%d7%aa%d7%95%d7%aa\/#breadcrumb"},"inLanguage":"fr-FR","potentialAction":[{"@type":"ReadAction","target":["https:\/\/nativhagiur.org.il\/%d7%a4%d7%a8%d7%99%d7%a1%d7%aa-%d7%9b%d7%99%d7%aa%d7%95%d7%aa\/"]}]},{"@type":"BreadcrumbList","@id":"https:\/\/nativhagiur.org.il\/%d7%a4%d7%a8%d7%99%d7%a1%d7%aa-%d7%9b%d7%99%d7%aa%d7%95%d7%aa\/#breadcrumb","itemListElement":[{"@type":"ListItem","position":1,"name":"Home","item":"https:\/\/nativhagiur.org.il\/fr\/"},{"@type":"ListItem","position":2,"name":"R\u00e9partition des classes"}]},{"@type":"WebSite","@id":"https:\/\/nativhagiur.org.il\/#website","url":"https:\/\/nativhagiur.org.il\/","name":"\u05e0\u05ea\u05d9\u05d1 - \u05d4\u05de\u05e8\u05db\u05d6 \u05d4\u05dc\u05d0\u05d5\u05de\u05d9 \u05dc\u05d6\u05d4\u05d5\u05ea \u05d5\u05d2\u05d9\u05d5\u05e8","description":"\u05d2\u05d5\u05e3 \u05d4\u05d4\u05db\u05e0\u05d4 \u05dc\u05d2\u05d9\u05d5\u05e8 \u05d4\u05e8\u05e9\u05de\u05d9 \u05e9\u05dc \u05de\u05d3\u05d9\u05e0\u05ea \u05d9\u05e9\u05e8\u05d0\u05dc","potentialAction":[{"@type":"SearchAction","target":{"@type":"EntryPoint","urlTemplate":"https:\/\/nativhagiur.org.il\/?s={search_term_string}"},"query-input":"required name=search_term_string"}],"inLanguage":"fr-FR"}]}},"_links":{"self":[{"href":"https:\/\/nativhagiur.org.il\/fr\/wp-json\/wp\/v2\/pages\/3162"}],"collection":[{"href":"https:\/\/nativhagiur.org.il\/fr\/wp-json\/wp\/v2\/pages"}],"about":[{"href":"https:\/\/nativhagiur.org.il\/fr\/wp-json\/wp\/v2\/types\/page"}],"author":[{"embeddable":true,"href":"https:\/\/nativhagiur.org.il\/fr\/wp-json\/wp\/v2\/users\/1"}],"replies":[{"embeddable":true,"href":"https:\/\/nativhagiur.org.il\/fr\/wp-json\/wp\/v2\/comments?post=3162"}],"version-history":[{"count":6,"href":"https:\/\/nativhagiur.org.il\/fr\/wp-json\/wp\/v2\/pages\/3162\/revisions"}],"predecessor-version":[{"id":3257,"href":"https:\/\/nativhagiur.org.il\/fr\/wp-json\/wp\/v2\/pages\/3162\/revisions\/3257"}],"wp:attachment":[{"href":"https:\/\/nativhagiur.org.il\/fr\/wp-json\/wp\/v2\/media?parent=3162"}],"curies":[{"name":"wp","href":"https:\/\/api.w.org\/{rel}","templated":true}]}}