{"id":3166,"date":"2016-03-03T10:13:34","date_gmt":"2016-03-03T10:13:34","guid":{"rendered":"https:\/\/nativhagiur.org.il\/host-families\/"},"modified":"2018-02-13T07:48:44","modified_gmt":"2018-02-13T07:48:44","slug":"familles-daccueil","status":"publish","type":"page","link":"https:\/\/nativhagiur.org.il\/fr\/familles-daccueil\/","title":{"rendered":"Familles d&rsquo;accueil"},"content":{"rendered":"<div class=\"wpb-content-wrapper\">[vc_row nexus_after_row_show=\u00a0\u00bb\u00a0\u00bb][vc_column][vc_single_image image=\u00a0\u00bb2385&Prime; img_size=\u00a0\u00bbfull\u00a0\u00bb alignment=\u00a0\u00bbcenter\u00a0\u00bb el_class=\u00a0\u00bbhidemobile headerimg\u00a0\u00bb][vc_single_image image=\u00a0\u00bb2951&Prime; img_size=\u00a0\u00bbfull\u00a0\u00bb alignment=\u00a0\u00bbcenter\u00a0\u00bb el_class=\u00a0\u00bbshowmobile headerimg\u00a0\u00bb][vc_single_image image=\u00a0\u00bb2021&Prime; img_size=\u00a0\u00bbfull\u00a0\u00bb alignment=\u00a0\u00bbcenter\u00a0\u00bb onclick=\u00a0\u00bbcustom_link\u00a0\u00bb el_class=\u00a0\u00bblogo\u00a0\u00bb link=\u00a0\u00bbhttps:\/\/nativhagiur.org.il\/fr\u00a0\u00bb][vc_column_text el_class=\u00a0\u00bbheadertitle\u00a0\u00bb]\r\n<h2 style=\"text-align: center;\"><span style=\"color: #ffffff;\">Familles d&rsquo;accueil<\/span><\/h2>\r\n[\/vc_column_text][\/vc_column][\/vc_row][vc_row nexus_after_row_show=\u00a0\u00bb\u00a0\u00bb][vc_column][vc_empty_space][vc_empty_space][vc_row_inner][vc_column_inner el_class=\u00a0\u00bbbranches\u00a0\u00bb][vc_column_text]\r\n<h2 style=\"text-align: left;\">Qu&rsquo;est-ce qu&rsquo;une famille d&rsquo;accueil?<\/h2>\r\n<p style=\"text-align: left;\">Dans le cadre du processus de conversion, le candidat doit \u00eatre\u00a0 accompagn\u00e9 par une famille d&rsquo;accueil dont le mode de vie refl\u00e8te la vie juive traditionelle. Notre but est que toute personne ayant la volont\u00e9 de se convertir puisse \u00eatre accompagn\u00e9e par une\u00a0 famille d&rsquo;accueil, \u00e0 travers laquelle il pourra cotoyer la pratique du juda\u00efsme sous tous ses angles. Cette m\u00eame famille accompagnera le candidat dans ses d\u00e9marches et son processus de conversion selon sa disponibilit\u00e9.<\/p>\r\n<p style=\"direction: ltr;\">L&rsquo;accompagnement au sein d&rsquo;une famille comprend\u00a0 l&rsquo;invitation du candidat pendant un certain nombre de shabbat (pour les repas uniquement), l&rsquo;accompagnement \u00e0 la synagogue et un soutien de sa communaut\u00e9 religieuse locale.\r\nLe principal objectif de l&rsquo;accompagnement dans une famille d&rsquo;accueil est de cr\u00e9er un contact proche\u00a0 et de cette <span dir=\"LTR\">fa<\/span><span dir=\"LTR\" lang=\"FR\">\u00e7<\/span><span dir=\"LTR\">on<\/span><span lang=\"HE\">\u00a0<\/span>apprendre \u00e0 connaitre ce qu&rsquo;est une famille juive grace \u00e0 la cr\u00e9ation d&rsquo;un entourage de soutien. Le but est que la relation avec la famille et la communaut\u00e9 juive \u00e0 laquelle la famille appartient se poursuive aussi apr\u00e8s la conversion.<\/p>\r\n<p style=\"text-align: left;\">La famille d&rsquo;accueil qui re\u00e7oit le candidat \u00e0 la conversion, devient un symbole et un exemple d&rsquo;un foyer juif vivant sur la base des valeurs de la famille juive et des traditions ancestrales. La famille d&rsquo;accueil montre au candidat les beaux cot\u00e9s du juda\u00efsme dans la pratique. De cette <span dir=\"LTR\">fa<\/span><span dir=\"LTR\" lang=\"FR\">\u00e7<\/span><span dir=\"LTR\">on<\/span>, il apprend ce que signifie \u00eatre juif, et comment mettre en \u0153uvre ces nouvelles connaissances\u00a0 dans la pratique.<\/p>\r\n<p style=\"text-align: left;\">De nombreux candidats \u00e0 la conversion qui ont \u00e9t\u00e9 re\u00e7us par des familles d&rsquo;accueil se sont identifi\u00e9s aux coutumes de la maison et ont beaucoup appris grace \u00e0 l&rsquo;atmosph\u00e8re r\u00e9gnant \u00e0 la maison, les relations au sein de la famille, les repas du shabbat ou les r\u00e9unions\u00a0 familiales \u00e0 la maison, ainsi qu&rsquo;en allant ensemble \u00e0 la synagogue.<\/p>\r\n<p style=\"direction: ltr;\">Nos \u00e9l\u00e8ves ont besoin d&rsquo;\u00eatre accompagn\u00e9s dans leurs d\u00e9marches et dans leur apprentissage de la pratique du juda\u00efsme. De plus, ils ont besoin souvent d&rsquo;\u00eatre \u00e9cout\u00e9s et compris pour \u00eatre motiv\u00e9s au cours de la conversion.\r\nNous vous remercions infiniement de votre engagement pour aider \u00e0\u00a0 remplir ce devoir national et sioniste.<\/p>\r\n[\/vc_column_text][\/vc_column_inner][\/vc_row_inner][\/vc_column][\/vc_row][vc_row nexus_text_scheme=\u00a0\u00bbdarker-overlay\u00a0\u00bb nexus_row_type=\u00a0\u00bbin_container\u00a0\u00bb nexus_after_row_show=\u00a0\u00bb\u00a0\u00bb][vc_column width=\u00a0\u00bb1\/6&Prime;][\/vc_column][vc_column width=\u00a0\u00bb2\/3&Prime;]<a target=\"_blank\" class=\"button green big  \" href=\"https:\/\/docs.google.com\/forms\/d\/e\/1FAIpQLSewh5OJJIRv7fVW-llJW5VMJiSQb4RhbN_ptynSGixdRgvlFw\/viewform\">Joignez-vous \u00e0 notre communaut\u00e9 de familles d'accueil \u00e0 la conversion<\/a>[\/vc_column][vc_column width=\u00a0\u00bb1\/6&Prime;][\/vc_column][\/vc_row][vc_row nexus_after_row_show=\u00a0\u00bb\u00a0\u00bb][vc_column][vc_separator][\/vc_column][\/vc_row][vc_row][vc_column][vc_single_image image=\u00a0\u00bb2098&Prime; img_size=\u00a0\u00bbfull\u00a0\u00bb alignment=\u00a0\u00bbcenter\u00a0\u00bb onclick=\u00a0\u00bbcustom_link\u00a0\u00bb link=\u00a0\u00bbhttps:\/\/nativhagiur.org.il\/fr\/\u00a0\u00bb][\/vc_column][\/vc_row][vc_row nexus_row_type=\u00a0\u00bbin_container\u00a0\u00bb nexus_after_row_show=\u00a0\u00bb\u00a0\u00bb][vc_column width=\u00a0\u00bb1\/4&Prime;][\/vc_column][vc_column width=\u00a0\u00bb1\/4&Prime;][vc_single_image image=\u00a0\u00bb2096&Prime; img_size=\u00a0\u00bbfull\u00a0\u00bb alignment=\u00a0\u00bbcenter\u00a0\u00bb onclick=\u00a0\u00bbcustom_link\u00a0\u00bb img_link_target=\u00a0\u00bb_blank\u00a0\u00bb link=\u00a0\u00bbhttps:\/\/www.jewishagency.org\/he\/\u00a0\u00bb][\/vc_column][vc_column width=\u00a0\u00bb1\/4&Prime;][vc_single_image image=\u00a0\u00bb2155&Prime; img_size=\u00a0\u00bbfull\u00a0\u00bb alignment=\u00a0\u00bbcenter\u00a0\u00bb onclick=\u00a0\u00bbcustom_link\u00a0\u00bb img_link_target=\u00a0\u00bb_blank\u00a0\u00bb link=\u00a0\u00bbhttps:\/\/www.pmo.gov.il\/BranchesAndUnits\/Giur\/Pages\/agafgiur.aspx \u00ab\u00a0][\/vc_column][vc_column width=\u00a0\u00bb1\/4&Prime;][\/vc_column][\/vc_row][vc_row nexus_row_type=\u00a0\u00bbin_container\u00a0\u00bb nexus_after_row_show=\u00a0\u00bb\u00a0\u00bb][vc_column width=\u00a0\u00bb1\/4&Prime;][\/vc_column][vc_column width=\u00a0\u00bb1\/4&Prime;][vc_single_image image=\u00a0\u00bb3069&Prime; img_size=\u00a0\u00bbfull\u00a0\u00bb alignment=\u00a0\u00bbcenter\u00a0\u00bb onclick=\u00a0\u00bbcustom_link\u00a0\u00bb img_link_target=\u00a0\u00bb_blank\u00a0\u00bb link=\u00a0\u00bbhttps:\/\/www.gpg.org\/ \u00ab\u00a0][\/vc_column][vc_column width=\u00a0\u00bb1\/4&Prime;][vc_single_image image=\u00a0\u00bb2143&Prime; img_size=\u00a0\u00bbfull\u00a0\u00bb alignment=\u00a0\u00bbcenter\u00a0\u00bb onclick=\u00a0\u00bbcustom_link\u00a0\u00bb img_link_target=\u00a0\u00bb_blank\u00a0\u00bb link=\u00a0\u00bbhttps:\/\/www.fidf.org\/ \u00ab\u00a0][\/vc_column][vc_column width=\u00a0\u00bb1\/4\u00a0\u00bb][\/vc_column][\/vc_row]<\/div>","protected":false},"excerpt":{"rendered":"[vc_row nexus_after_row_show=\"\"][vc_column][vc_single_image image=\"2385\" img_size=\"full\" alignment=\"center\" el_class=\"hidemobile headerimg\"][vc_single_image image=\"2951\" img_size=\"full\" alignment=\"center\" el_class=\"showmobile headerimg\"][vc_single_image image=\"2021\" img_size=\"full\" alignment=\"center\" onclick=\"custom_link\" el_class=\"logo\" link=\"https:\/\/nativhagiur.org.il\/fr\"][vc_column_text el_class=\"headertitle\"] Familles d'accueil [\/vc_column_text][\/vc_column][\/vc_row][vc_row nexus_after_row_show=\"\"][vc_column][vc_empty_space][vc_empty_space][vc_row_inner][vc_column_inner el_class=\"branches\"][vc_column_text] Qu'est-ce <p class=\"readmore\"><a class=\"more-btn\" href=\"https:\/\/nativhagiur.org.il\/fr\/familles-daccueil\/\">Continue reading <span class=\"meta-nav\">&#x2192;<\/span><\/a><\/p>","protected":false},"author":1,"featured_media":0,"parent":0,"menu_order":0,"comment_status":"closed","ping_status":"closed","template":"template-homepage.php","meta":{"footnotes":"","_joinchat":[]},"yoast_head":"<!-- This site is optimized with the Yoast SEO plugin v21.8 - https:\/\/yoast.com\/wordpress\/plugins\/seo\/ -->\n<title>familles-daccueil | Nativ- La plus grande organisation de pr\u00e9paration \u00e0 la conversion en Isra\u00ebl<\/title>\n<meta name=\"description\" content=\"Dans le cadre du processus de conversion, le candidat doit \u00eatre accompagn\u00e9 par une famille d&#039;accueil dont le mode de vie refl\u00e8te la vie juive traditionelle.\" \/>\n<meta name=\"robots\" content=\"index, follow, max-snippet:-1, max-image-preview:large, max-video-preview:-1\" \/>\n<link rel=\"canonical\" href=\"https:\/\/nativhagiur.org.il\/\u05de\u05e9\u05e4\u05d7\u05d5\u05ea-\u05de\u05dc\u05d5\u05d5\u05ea\/\" \/>\n<meta property=\"og:locale\" content=\"fr_FR\" \/>\n<meta property=\"og:type\" content=\"article\" \/>\n<meta property=\"og:title\" content=\"familles-daccueil | Nativ- La plus grande organisation de pr\u00e9paration \u00e0 la conversion en Isra\u00ebl\" \/>\n<meta property=\"og:description\" content=\"Dans le cadre du processus de conversion, le candidat doit \u00eatre accompagn\u00e9 par une famille d&#039;accueil dont le mode de vie refl\u00e8te la vie juive traditionelle.\" \/>\n<meta property=\"og:url\" content=\"https:\/\/nativhagiur.org.il\/\u05de\u05e9\u05e4\u05d7\u05d5\u05ea-\u05de\u05dc\u05d5\u05d5\u05ea\/\" \/>\n<meta property=\"og:site_name\" content=\"\u05e0\u05ea\u05d9\u05d1 - \u05d4\u05de\u05e8\u05db\u05d6 \u05d4\u05dc\u05d0\u05d5\u05de\u05d9 \u05dc\u05d6\u05d4\u05d5\u05ea \u05d5\u05d2\u05d9\u05d5\u05e8\" \/>\n<meta property=\"article:publisher\" content=\"https:\/\/www.facebook.com\/nativhagiur\" \/>\n<meta property=\"article:modified_time\" content=\"2018-02-13T07:48:44+00:00\" \/>\n<meta name=\"twitter:card\" content=\"summary_large_image\" \/>\n<meta name=\"twitter:label1\" content=\"Dur\u00e9e de lecture estim\u00e9e\" \/>\n\t<meta name=\"twitter:data1\" content=\"4 minutes\" \/>\n<script type=\"application\/ld+json\" class=\"yoast-schema-graph\">{\"@context\":\"https:\/\/schema.org\",\"@graph\":[{\"@type\":\"WebPage\",\"@id\":\"https:\/\/nativhagiur.org.il\/%d7%9e%d7%a9%d7%a4%d7%97%d7%95%d7%aa-%d7%9e%d7%9c%d7%95%d7%95%d7%aa\/\",\"url\":\"https:\/\/nativhagiur.org.il\/%d7%9e%d7%a9%d7%a4%d7%97%d7%95%d7%aa-%d7%9e%d7%9c%d7%95%d7%95%d7%aa\/\",\"name\":\"familles-daccueil | Nativ- La plus grande organisation de pr\u00e9paration \u00e0 la conversion en Isra\u00ebl\",\"isPartOf\":{\"@id\":\"https:\/\/nativhagiur.org.il\/#website\"},\"datePublished\":\"2016-03-03T10:13:34+00:00\",\"dateModified\":\"2018-02-13T07:48:44+00:00\",\"description\":\"Dans le cadre du processus de conversion, le candidat doit \u00eatre accompagn\u00e9 par une famille d'accueil dont le mode de vie refl\u00e8te la vie juive traditionelle.\",\"breadcrumb\":{\"@id\":\"https:\/\/nativhagiur.org.il\/%d7%9e%d7%a9%d7%a4%d7%97%d7%95%d7%aa-%d7%9e%d7%9c%d7%95%d7%95%d7%aa\/#breadcrumb\"},\"inLanguage\":\"fr-FR\",\"potentialAction\":[{\"@type\":\"ReadAction\",\"target\":[\"https:\/\/nativhagiur.org.il\/%d7%9e%d7%a9%d7%a4%d7%97%d7%95%d7%aa-%d7%9e%d7%9c%d7%95%d7%95%d7%aa\/\"]}]},{\"@type\":\"BreadcrumbList\",\"@id\":\"https:\/\/nativhagiur.org.il\/%d7%9e%d7%a9%d7%a4%d7%97%d7%95%d7%aa-%d7%9e%d7%9c%d7%95%d7%95%d7%aa\/#breadcrumb\",\"itemListElement\":[{\"@type\":\"ListItem\",\"position\":1,\"name\":\"Home\",\"item\":\"https:\/\/nativhagiur.org.il\/fr\/\"},{\"@type\":\"ListItem\",\"position\":2,\"name\":\"Familles d'accueil\"}]},{\"@type\":\"WebSite\",\"@id\":\"https:\/\/nativhagiur.org.il\/#website\",\"url\":\"https:\/\/nativhagiur.org.il\/\",\"name\":\"\u05e0\u05ea\u05d9\u05d1 - \u05d4\u05de\u05e8\u05db\u05d6 \u05d4\u05dc\u05d0\u05d5\u05de\u05d9 \u05dc\u05d6\u05d4\u05d5\u05ea \u05d5\u05d2\u05d9\u05d5\u05e8\",\"description\":\"\u05d2\u05d5\u05e3 \u05d4\u05d4\u05db\u05e0\u05d4 \u05dc\u05d2\u05d9\u05d5\u05e8 \u05d4\u05e8\u05e9\u05de\u05d9 \u05e9\u05dc \u05de\u05d3\u05d9\u05e0\u05ea \u05d9\u05e9\u05e8\u05d0\u05dc\",\"potentialAction\":[{\"@type\":\"SearchAction\",\"target\":{\"@type\":\"EntryPoint\",\"urlTemplate\":\"https:\/\/nativhagiur.org.il\/?s={search_term_string}\"},\"query-input\":\"required name=search_term_string\"}],\"inLanguage\":\"fr-FR\"}]}<\/script>\n<!-- \/ Yoast SEO plugin. -->","yoast_head_json":{"title":"familles-daccueil | Nativ- La plus grande organisation de pr\u00e9paration \u00e0 la conversion en Isra\u00ebl","description":"Dans le cadre du processus de conversion, le candidat doit \u00eatre accompagn\u00e9 par une famille d'accueil dont le mode de vie refl\u00e8te la vie juive traditionelle.","robots":{"index":"index","follow":"follow","max-snippet":"max-snippet:-1","max-image-preview":"max-image-preview:large","max-video-preview":"max-video-preview:-1"},"canonical":"https:\/\/nativhagiur.org.il\/\u05de\u05e9\u05e4\u05d7\u05d5\u05ea-\u05de\u05dc\u05d5\u05d5\u05ea\/","og_locale":"fr_FR","og_type":"article","og_title":"familles-daccueil | Nativ- La plus grande organisation de pr\u00e9paration \u00e0 la conversion en Isra\u00ebl","og_description":"Dans le cadre du processus de conversion, le candidat doit \u00eatre accompagn\u00e9 par une famille d'accueil dont le mode de vie refl\u00e8te la vie juive traditionelle.","og_url":"https:\/\/nativhagiur.org.il\/\u05de\u05e9\u05e4\u05d7\u05d5\u05ea-\u05de\u05dc\u05d5\u05d5\u05ea\/","og_site_name":"\u05e0\u05ea\u05d9\u05d1 - \u05d4\u05de\u05e8\u05db\u05d6 \u05d4\u05dc\u05d0\u05d5\u05de\u05d9 \u05dc\u05d6\u05d4\u05d5\u05ea \u05d5\u05d2\u05d9\u05d5\u05e8","article_publisher":"https:\/\/www.facebook.com\/nativhagiur","article_modified_time":"2018-02-13T07:48:44+00:00","twitter_card":"summary_large_image","twitter_misc":{"Dur\u00e9e de lecture estim\u00e9e":"4 minutes"},"schema":{"@context":"https:\/\/schema.org","@graph":[{"@type":"WebPage","@id":"https:\/\/nativhagiur.org.il\/%d7%9e%d7%a9%d7%a4%d7%97%d7%95%d7%aa-%d7%9e%d7%9c%d7%95%d7%95%d7%aa\/","url":"https:\/\/nativhagiur.org.il\/%d7%9e%d7%a9%d7%a4%d7%97%d7%95%d7%aa-%d7%9e%d7%9c%d7%95%d7%95%d7%aa\/","name":"familles-daccueil | Nativ- La plus grande organisation de pr\u00e9paration \u00e0 la conversion en Isra\u00ebl","isPartOf":{"@id":"https:\/\/nativhagiur.org.il\/#website"},"datePublished":"2016-03-03T10:13:34+00:00","dateModified":"2018-02-13T07:48:44+00:00","description":"Dans le cadre du processus de conversion, le candidat doit \u00eatre accompagn\u00e9 par une famille d'accueil dont le mode de vie refl\u00e8te la vie juive traditionelle.","breadcrumb":{"@id":"https:\/\/nativhagiur.org.il\/%d7%9e%d7%a9%d7%a4%d7%97%d7%95%d7%aa-%d7%9e%d7%9c%d7%95%d7%95%d7%aa\/#breadcrumb"},"inLanguage":"fr-FR","potentialAction":[{"@type":"ReadAction","target":["https:\/\/nativhagiur.org.il\/%d7%9e%d7%a9%d7%a4%d7%97%d7%95%d7%aa-%d7%9e%d7%9c%d7%95%d7%95%d7%aa\/"]}]},{"@type":"BreadcrumbList","@id":"https:\/\/nativhagiur.org.il\/%d7%9e%d7%a9%d7%a4%d7%97%d7%95%d7%aa-%d7%9e%d7%9c%d7%95%d7%95%d7%aa\/#breadcrumb","itemListElement":[{"@type":"ListItem","position":1,"name":"Home","item":"https:\/\/nativhagiur.org.il\/fr\/"},{"@type":"ListItem","position":2,"name":"Familles d'accueil"}]},{"@type":"WebSite","@id":"https:\/\/nativhagiur.org.il\/#website","url":"https:\/\/nativhagiur.org.il\/","name":"\u05e0\u05ea\u05d9\u05d1 - \u05d4\u05de\u05e8\u05db\u05d6 \u05d4\u05dc\u05d0\u05d5\u05de\u05d9 \u05dc\u05d6\u05d4\u05d5\u05ea \u05d5\u05d2\u05d9\u05d5\u05e8","description":"\u05d2\u05d5\u05e3 \u05d4\u05d4\u05db\u05e0\u05d4 \u05dc\u05d2\u05d9\u05d5\u05e8 \u05d4\u05e8\u05e9\u05de\u05d9 \u05e9\u05dc \u05de\u05d3\u05d9\u05e0\u05ea \u05d9\u05e9\u05e8\u05d0\u05dc","potentialAction":[{"@type":"SearchAction","target":{"@type":"EntryPoint","urlTemplate":"https:\/\/nativhagiur.org.il\/?s={search_term_string}"},"query-input":"required name=search_term_string"}],"inLanguage":"fr-FR"}]}},"_links":{"self":[{"href":"https:\/\/nativhagiur.org.il\/fr\/wp-json\/wp\/v2\/pages\/3166"}],"collection":[{"href":"https:\/\/nativhagiur.org.il\/fr\/wp-json\/wp\/v2\/pages"}],"about":[{"href":"https:\/\/nativhagiur.org.il\/fr\/wp-json\/wp\/v2\/types\/page"}],"author":[{"embeddable":true,"href":"https:\/\/nativhagiur.org.il\/fr\/wp-json\/wp\/v2\/users\/1"}],"replies":[{"embeddable":true,"href":"https:\/\/nativhagiur.org.il\/fr\/wp-json\/wp\/v2\/comments?post=3166"}],"version-history":[{"count":6,"href":"https:\/\/nativhagiur.org.il\/fr\/wp-json\/wp\/v2\/pages\/3166\/revisions"}],"predecessor-version":[{"id":3247,"href":"https:\/\/nativhagiur.org.il\/fr\/wp-json\/wp\/v2\/pages\/3166\/revisions\/3247"}],"wp:attachment":[{"href":"https:\/\/nativhagiur.org.il\/fr\/wp-json\/wp\/v2\/media?parent=3166"}],"curies":[{"name":"wp","href":"https:\/\/api.w.org\/{rel}","templated":true}]}}